{"id":104,"date":"2014-12-19T10:03:19","date_gmt":"2014-12-19T08:03:19","guid":{"rendered":"http:\/\/schule-an-der-isebek.schulhomepages.hamburg.de\/?page_id=104"},"modified":"2025-11-06T09:23:35","modified_gmt":"2025-11-06T07:23:35","slug":"impressum","status":"publish","type":"page","link":"https:\/\/schule-an-der-isebek.hamburg.de\/?page_id=104","title":{"rendered":"Impressum"},"content":{"rendered":"<p><strong>Schule An der Isebek&nbsp; &nbsp; <\/strong><strong>LZ 745\/5301<\/strong><\/p>\n<p><strong>Bismarckstra\u00dfe 83-85<\/strong><br \/>\n<strong>20253 Hamburg<\/strong><br \/>\n<strong>Tel.:<a href=\"http:\/\/+494042888340\"> +49404288834- 0, -36<\/a><\/strong><br \/>\n<strong>Mail:&nbsp; <a href=\"mailto:schule-an-der-isebek@bsb.hamburg.de\">schule-an-der-isebek@bsfb.hamburg.de<\/a><\/strong><\/p>\n<p><strong>Bundesstra\u00dfe 94<\/strong><br \/>\n<strong>20144 Hamburg<\/strong><br \/>\n<strong>Tel.:<a href=\"http:\/\/+4940428883435\"> +4940428883435<\/a><\/strong><br \/>\n<strong>Mail:&nbsp; <a href=\"mailto:schule-an-der-isebek@bsb.hamburg.de\">schule-an-der-isebek@bsfb.hamburg.de<\/a><\/strong><\/p>\n<p><strong>Schulleitung:&nbsp; Dennis Frey,&nbsp; stv. Schulleitung:&nbsp; Oliver Stockstrom&nbsp; &nbsp; &nbsp; &nbsp; &nbsp;&nbsp;<\/strong><\/p>\n<p><strong>B\u00fcroleitung\/Webmaster: <\/strong><strong style=\"font-size: 1rem\">Sabine Koch-Nehmzow<\/strong><\/p>\n<p><a href=\"https:\/\/schule-an-der-isebek.hamburg.de\/wp-content\/uploads\/sites\/116\/2022\/04\/Sabine-scaled-e1650967190203.jpg\" data-rel=\"lightbox\" data-rl_title=\"\" data-rl_caption=\"\" title=\"\"><img loading=\"lazy\" decoding=\"async\" class=\"alignleft wp-image-3305 \" src=\"https:\/\/schule-an-der-isebek.hamburg.de\/wp-content\/uploads\/sites\/116\/2022\/04\/Sabine-150x150.jpg\" alt=\"\" width=\"139\" height=\"139\"\/><\/a><\/p>\n<p>&nbsp;<\/p>\n<p><b>Mo &#8211; Do&nbsp; 7.45 &#8211; 14.45 Uhr<\/b><\/p>\n<p style=\"text-align: left\"><strong>Tel.: <a href=\"http:\/\/+494042888340\">+49404288834-0 \/ -34<\/a><\/strong><br \/>\n<strong>Mail: <a href=\"mailto:sabine.koch-nehmzow@bsb.hamburg.de\" target=\"_blank\" rel=\"noopener\">sabine.koch-nehmzow@bsfb.hamburg.de<\/a><\/strong><\/p>\n<p style=\"text-align: left\"><strong>Sachbearbeitung\/ Ganztag&nbsp; Marcus Bender<\/strong><\/p>\n<p><a href=\"https:\/\/schule-an-der-isebek.hamburg.de\/wp-content\/uploads\/sites\/116\/2023\/03\/Portraet-Marcus-Bender.jpg\" data-rel=\"lightbox\" data-rl_title=\"\" data-rl_caption=\"\" title=\"\"><img loading=\"lazy\" decoding=\"async\" class=\"alignnone wp-image-3769 size-thumbnail\" src=\"https:\/\/schule-an-der-isebek.hamburg.de\/wp-content\/uploads\/sites\/116\/2023\/03\/Portraet-Marcus-Bender-150x150.jpg\" alt=\"\" width=\"150\" height=\"150\" srcset=\"https:\/\/schule-an-der-isebek.hamburg.de\/wp-content\/uploads\/sites\/116\/2023\/03\/Portraet-Marcus-Bender-150x150.jpg 150w, https:\/\/schule-an-der-isebek.hamburg.de\/wp-content\/uploads\/sites\/116\/2023\/03\/Portraet-Marcus-Bender-100x100.jpg 100w\" sizes=\"auto, (max-width: 150px) 100vw, 150px\" \/><\/a><\/p>\n<p><strong>Mo &#8211; Do&nbsp; 7.45 &#8211; 12 Uhr,&nbsp; Fr&nbsp; 7.45 &#8211; 13 Uhr<\/strong><\/p>\n<p><strong>Tel.: <a href=\"http:\/\/+4940428883436\">+4940428883436<\/a><\/strong><br \/>\n<strong>Mail: <a href=\"mailto:marcus.bender@bsb.hamburg.de\" target=\"_blank\" rel=\"noopener\">marcus.bender@bsfb.hamburg.de<\/a><\/strong><\/p>\n<p>&nbsp;<\/p>\n<p>Hinweis zu dieser Homepage:<br \/>\nGem\u00e4\u00df Urteil des LG HH vom 12.05.1998 distanziert sich der Inhaber dieser Website ausdr\u00fccklich von den Inhalten aller auf dieser Website angegebenen Verweise.<br \/>\nF\u00fcr die Inhalte von Web-Seiten, zu denen von dieser Internet-Pr\u00e4sentation aus ein Verweis (=Hyperlink) f\u00fchrt, kann und will der Betreiber dieser Seite keine Verantwortung \u00fcbernehmen. Die Verweise sind als Hinweise auf Informationsquellen im Internet zu<br \/>\nverstehen. Sie stellen keine inhaltliche Empfehlung des Betreibers dar.<br \/>\nBei Verweisen im Internet handelt es sich um dynamische Verweisungen; die fremden Inhalte k\u00f6nnen ge\u00e4ndert worden sein, ohne dass der Inhaber hiervon Kenntnis hat oder darauf Einfluss nehmen konnte bzw. kann. Der Inhaber macht sich deshalb die Inhalte dieser Seiten nicht zu eigen.<br \/>\nDiese Erkl\u00e4rung gilt f\u00fcr alle verf\u00fcgbaren externen Verweise auf den Seiten der Schule An der Isebek.<br \/>\nEvtl. verwendete Markennamen sind Eigentum der Markeninhaber, eine Verwendung ist nur unter Beachtung der Urheber- und Markenrechte zul\u00e4ssig.<br \/>\nEine Haftung f\u00fcr Druckfehler, Richtigkeit und Vollst\u00e4ndigkeit aller Angaben und Adressen wird ausgeschlossen. Es wird keine Gew\u00e4hr hinsichtlich Auswahl, Leistung und Verwendung empfohlener Produkte oder Dienstleistungen \u00fcbernommen.<\/p>\n<p>(Aktualisiert 07.09.2015)<\/p>\n<p><strong>&nbsp;<\/strong><\/p>\n<p><b><span style=\"font-size: medium\">Datenschutzerkl\u00e4rung zur Erfassung, Speicherung, Verarbeitung und \u00dcbermittlung von Mitgliederdaten <\/span><\/b><\/p>\n<p>1. Angaben zum Verantwortlichen<\/p>\n<p>Verantwortliche Stelle (Art. 4 Nr. 7 DSGVO): Schulverein der Schule an der Isebek e.V. Bismarkstrasse 83-85 20253 Hamburg<\/p>\n<p>Gesetzlicher Vertreter: Arnd Schirrmann 1. Vorstand Alardusstr. 8 20255 Hamburg<\/p>\n<p>Operativ verantwortlicher Ansprechpartner: Arnd Schirrmann 1. Vorstand Alardusstr. 8 20255 Hamburg<\/p>\n<p>Datenschutzbeauftragter: Ein Datenschutzbeauftragter ist nicht bestellt, da die zugeh\u00f6rigen Tatbest\u00e4nde nach Artikel 37 DSGVO nicht vorliegen.<\/p>\n<p>1. Rechtsgrundlagen<\/p>\n<p>Wir verarbeiten personenbezogene Daten unserer Mitglieder nur unter Einhaltung der einschl\u00e4gigen Datenschutzbestimmungen. Das bedeutet, die Daten unserer Mitglieder werden nur bei Vorliegen einer gesetzlichen Erlaubnis verarbeitet.<\/p>\n<p>Wir treffen organisatorische, vertragliche und technische Sicherheitsma\u00dfnahmen entsprechend dem Stand der Technik, um sicherzustellen, dass die Vorschriften der Datenschutzgesetze eingehalten werden, und um damit die durch uns Daten gegen zuf\u00e4llige oder vors\u00e4tzliche Manipulationen, Verlust, Zerst\u00f6rung oder gegen den Zugriff unberechtigter Personen zu sch\u00fctzen.<\/p>\n<p><span style=\"font-family: Times New Roman,Times New Roman PSMT;font-size: medium\">Eine Weitergabe von Daten an Dritte erfolgt nur im Rahmen der gesetzlichen Vorgaben. Wir geben die Daten unserer Mitglieder an Dritte nur dann weiter, wenn dies z.B. auf Grundlage des Art. 6 Abs. 1 lit. b) DSGVO f\u00fcr Vertragszwecke erforderlich ist oder auf Grundlage berechtigter Interessen gem. Art. 6 Abs. 1 lit. f. DSGVO am wirtschaftlichem und effektivem Betrieb des Vereins. <\/span><span lang=\"JA\" style=\"font-family: Arial,Arial;font-size: small\">SCHULVEREIN DER SCHULE AN DER ISEBEK\u2502BISMARCKSTRASSE 83-85\u250220253 HAMBURG <\/span><\/p>\n<p>Sofern wir externe Dienstleister einsetzen, um diese Leistungen bereitzustellen, ergreifen wir geeignete rechtliche Vorkehrungen sowie technische und organisatorische Ma\u00dfnahmen, um f\u00fcr den Schutz der personenbezogenen Daten gem\u00e4\u00df den einschl\u00e4gigen gesetzlichen Vorschriften zu sorgen.<\/p>\n<p>3. Erfassung und Verarbeitung<\/p>\n<p>Mit dem Beitritt eines Mitgliedes nimmt der Verein folgendes auf Pflichtangaben: a) Name, Vorname b) Name des Kindes \/ der Kinder an der Schule an der Isebek c) Klasse des Kindes \/ der Kinder an der Schule an der Isebek<\/p>\n<p>freiwillige Angaben: d) Adresse e) E-Mail-Adresse f) Telefonnummer<\/p>\n<p>Diese Informationen k\u00f6nnen im IT-System des Vereins gespeichert werden. Die personenbezogenen Daten werden dann durch technische und organisatorische Ma\u00dfnahmen vor der Kenntnisnahme Dritter gesch\u00fctzt.<\/p>\n<p>Sonstige Informationen, und Informationen \u00fcber Nichtmitglieder, werden vom Verein nur dann verarbeitet, wenn sie der F\u00f6rderung des Vereinszweckes dienen und keine Anhaltspunkte bestehen, dass die betroffene Person ein schutzw\u00fcrdiges Interesse hat, das der Verarbeitung entgegensteht.<\/p>\n<p>4. Vertraulichkeit und Offenlegung<\/p>\n<p>Mitgliederverzeichnisse werden nur an Vorstandsmitglieder und sonstige Mitglieder ausgeh\u00e4ndigt, die im Verein eine besondere Funktion aus\u00fcben, welche die Kenntnis der Mitgliederdaten erfordert. Macht ein Mitglied geltend, dass er die Mitgliederliste zur Wahrnehmung seiner satzungsm\u00e4\u00dfigen Rechte ben\u00f6tigt, h\u00e4ndigt der Vorstand die Liste nur gegen die schriftliche Versicherung aus, die Adressen nicht zu anderen Zwecken zu verwenden.<\/p>\n<p>5. Rechte der Mitglieder<\/p>\n<p>5.1. Einwilligung Im Rahmen der Aufnahmeerkl\u00e4rung best\u00e4tigt das Mitglied, diese Datenschutzerkl\u00e4rung zur Kenntnis genommen zu haben.<\/p>\n<p>5.2. Auskunft Mitglieder haben das Recht, auf Antrag unentgeltlich Auskunft zu erhalten \u00fcber die personenbezogenen Daten, die von uns \u00fcber sie gespeichert wurden.<\/p>\n<p><span style=\"font-family: Times New Roman,Times New Roman PSMT;font-size: medium\">5.3. Berichtigung Des weiteren haben die Mitglieder das Recht auf Berichtigung unrichtiger Daten, Einschr\u00e4nkung <\/span><span lang=\"JA\" style=\"font-family: Arial,Arial;font-size: small\">SCHULVEREIN DER SCHULE AN DER ISEBEK\u2502BISMARCKSTRASSE 83-85\u250220253 HAMBURG <\/span><\/p>\n<p>der Verarbeitung und L\u00f6schung ihrer personenbezogenen Daten und im Fall der Annahme einer unrechtm\u00e4\u00dfigen Datenverarbeitung, eine Beschwerde bei der zust\u00e4ndigen Aufsichtsbeh\u00f6rde einzureichen.<\/p>\n<p>5.4. Widerruf Mitglieder k\u00f6nnen gegebene Einwilligungen, grunds\u00e4tzlich mit Auswirkung f\u00fcr die Zukunft, widerrufen.<\/p>\n<p>5.5. L\u00f6schung Die bei uns gespeicherten Daten werden gel\u00f6scht, sobald sie f\u00fcr ihre Zweckbestimmung nicht mehr erforderlich sind und der L\u00f6schung keine gesetzlichen Aufbewahrungspflichten entgegenstehen. Sofern die Daten der Mitglieder nicht gel\u00f6scht werden, weil sie f\u00fcr andere und gesetzlich zul\u00e4ssige Zwecke erforderlich sind, wird deren Verarbeitung eingeschr\u00e4nkt. D.h. die Daten werden gesperrt und nicht f\u00fcr andere Zwecke verarbeitet. Das gilt z.B. f\u00fcr Daten der Mitglieder, die aus handels- oder steuerrechtlichen Gr\u00fcnden aufbewahrt werden m\u00fcssen.<\/p>\n<p>5.6. Aufbewahrung Beim Austritt werden alle personenbezogenen Daten wie Name, Adresse, Name des Kindes, Emailadresse, Telefonnummer des Mitglieds aus der Mitgliederliste gel\u00f6scht. Sollte der Gesetzgeber eine l\u00e4ngere Speicherung fordern (etwa Aufbewahrung auf Grund steuergesetzlicher Bestimmungen), erfolgt die L\u00f6schung unmittelbar nach Ablauf dieser gesetzlichen Pflicht.<\/p>\n<p>5.7. Datenportabilit\u00e4t Mitglieder k\u00f6nnen Ihre Rechte auf Datenportabilit\u00e4t geltend machen und die vom Verein \u00fcber sie gespeicherten Daten in einem maschinenlesbaren Format abrufen.<\/p>\n<p>5.8. Widerspruchsrecht Mitglieder k\u00f6nnen der k\u00fcnftigen Verarbeitung ihrer personenbezogenen Daten entsprechend den gesetzlichen Vorgaben jederzeit widersprechen. Der Widerspruch kann insbesondere gegen die Verarbeitung f\u00fcr Zwecke der Direktwerbung erfolgen.<\/p>\n<p>6. \u00c4nderungen der Datenschutzerkl\u00e4rung<\/p>\n<p>Wir behalten uns vor, die Datenschutzerkl\u00e4rung zu \u00e4ndern, um sie an ge\u00e4nderte Rechtslagen, oder bei \u00c4nderungen des Dienstes sowie der Datenverarbeitung anzupassen. Dies gilt jedoch nur im Hinblick auf Erkl\u00e4rungen zur Datenverarbeitung. Sofern Einwilligungen der Mitglieder erforderlich sind oder Bestandteile der Datenschutzerkl\u00e4rung Regelungen des Vertragsverh\u00e4ltnisses mit den Mitgliedern enthalten, erfolgen die \u00c4nderungen nur mit Zustimmung der Mitglieder.<\/p>\n<p>Die Mitglieder werden gebeten sich regelm\u00e4\u00dfig \u00fcber den Inhalt der Datenschutzerkl\u00e4rung zu informieren.<\/p>\n<p>Hamburg, 24.05.2018<\/p>\n<p>&nbsp;<\/p>\n","protected":false},"excerpt":{"rendered":"<p>Schule An der Isebek&nbsp; &nbsp; LZ 745\/5301 Bismarckstra\u00dfe 83-85 20253 Hamburg Tel.: +49404288834- 0, -36 Mail:&nbsp; schule-an-der-isebek@bsfb.hamburg.de Bundesstra\u00dfe 94 20144 Hamburg Tel.: +4940428883435 Mail:&nbsp; schule-an-der-isebek@bsfb.hamburg.de Schulleitung:&nbsp; Dennis Frey,&nbsp; stv. Schulleitung:&nbsp; Oliver Stockstrom&nbsp; &nbsp; &nbsp; &nbsp; &nbsp;&nbsp; B\u00fcroleitung\/Webmaster: Sabine Koch-Nehmzow &nbsp; Mo &#8211; Do&nbsp; 7.45 &#8211; 14.45 Uhr Tel.: +49404288834-0 \/ -34 Mail: sabine.koch-nehmzow@bsfb.hamburg.de Sachbearbeitung\/ Ganztag&nbsp; &hellip; <\/p>\n<p class=\"link-more\"><a href=\"https:\/\/schule-an-der-isebek.hamburg.de\/?page_id=104\" class=\"more-link\"><span class=\"screen-reader-text\">\u201eImpressum\u201c <\/span>weiterlesen<\/a><\/p>\n","protected":false},"author":180,"featured_media":334,"parent":0,"menu_order":0,"comment_status":"closed","ping_status":"closed","template":"","meta":{"_acf_changed":false,"footnotes":""},"class_list":["post-104","page","type-page","status-publish","has-post-thumbnail","hentry"],"acf":[],"_links":{"self":[{"href":"https:\/\/schule-an-der-isebek.hamburg.de\/index.php?rest_route=\/wp\/v2\/pages\/104","targetHints":{"allow":["GET"]}}],"collection":[{"href":"https:\/\/schule-an-der-isebek.hamburg.de\/index.php?rest_route=\/wp\/v2\/pages"}],"about":[{"href":"https:\/\/schule-an-der-isebek.hamburg.de\/index.php?rest_route=\/wp\/v2\/types\/page"}],"author":[{"embeddable":true,"href":"https:\/\/schule-an-der-isebek.hamburg.de\/index.php?rest_route=\/wp\/v2\/users\/180"}],"replies":[{"embeddable":true,"href":"https:\/\/schule-an-der-isebek.hamburg.de\/index.php?rest_route=%2Fwp%2Fv2%2Fcomments&post=104"}],"version-history":[{"count":22,"href":"https:\/\/schule-an-der-isebek.hamburg.de\/index.php?rest_route=\/wp\/v2\/pages\/104\/revisions"}],"predecessor-version":[{"id":5093,"href":"https:\/\/schule-an-der-isebek.hamburg.de\/index.php?rest_route=\/wp\/v2\/pages\/104\/revisions\/5093"}],"wp:featuredmedia":[{"embeddable":true,"href":"https:\/\/schule-an-der-isebek.hamburg.de\/index.php?rest_route=\/wp\/v2\/media\/334"}],"wp:attachment":[{"href":"https:\/\/schule-an-der-isebek.hamburg.de\/index.php?rest_route=%2Fwp%2Fv2%2Fmedia&parent=104"}],"curies":[{"name":"wp","href":"https:\/\/api.w.org\/{rel}","templated":true}]}}