{"id":128,"date":"2015-01-15T09:48:41","date_gmt":"2015-01-15T07:48:41","guid":{"rendered":"http:\/\/schule-an-der-isebek.schulhomepages.hamburg.de\/?page_id=128"},"modified":"2016-04-05T11:54:39","modified_gmt":"2016-04-05T09:54:39","slug":"mathe-schmetterlingskurs","status":"publish","type":"page","link":"https:\/\/schule-an-der-isebek.hamburg.de\/?page_id=128","title":{"rendered":"Mathe &#8211; Schmetterlingskurs"},"content":{"rendered":"<div class=\"maintext\">\n<p dir=\"ltr\" align=\"left\">F\u00fcr mathematisch begabte Zweit- und Viertkl\u00e4ssler besteht die M\u00f6glichkeit an einem einst\u00fcndigen &#8222;Schmetterlingskurs-Mathematik&#8220; teilzunehmen.<\/p>\n<p dir=\"ltr\" align=\"left\">Diese Kinder haben sich Bauwerke ausgedacht und anschlie\u00dfend diese dreidimensional auf Gitter- bzw. Punktepapier\u00a0dargestellt.<\/p>\n<p dir=\"ltr\" align=\"justify\">\u00a0<a href=\"https:\/\/schule-an-der-isebek.hamburg.de\/wp-content\/uploads\/sites\/116\/2015\/01\/Mathewerkstatt.jpg\" rel=\"attachment wp-att-208\" data-rel=\"lightbox\" data-rl_title=\"\" data-rl_caption=\"\" title=\"\"><img loading=\"lazy\" decoding=\"async\" class=\"size-full wp-image-208 alignleft\" src=\"https:\/\/schule-an-der-isebek.hamburg.de\/wp-content\/uploads\/sites\/116\/2015\/01\/Mathewerkstatt.jpg\" alt=\"Mathewerkstatt\" width=\"289\" height=\"217\" \/><\/a><\/p>\n<\/div>\n<div class=\"spacer20\"><\/div>\n","protected":false},"excerpt":{"rendered":"<p>F\u00fcr mathematisch begabte Zweit- und Viertkl\u00e4ssler besteht die M\u00f6glichkeit an einem einst\u00fcndigen &#8222;Schmetterlingskurs-Mathematik&#8220; teilzunehmen. Diese Kinder haben sich Bauwerke ausgedacht und anschlie\u00dfend diese dreidimensional auf Gitter- bzw. Punktepapier\u00a0dargestellt. \u00a0<\/p>\n","protected":false},"author":180,"featured_media":0,"parent":0,"menu_order":0,"comment_status":"closed","ping_status":"closed","template":"","meta":{"_acf_changed":false,"footnotes":""},"class_list":["post-128","page","type-page","status-publish","hentry"],"acf":[],"_links":{"self":[{"href":"https:\/\/schule-an-der-isebek.hamburg.de\/index.php?rest_route=\/wp\/v2\/pages\/128","targetHints":{"allow":["GET"]}}],"collection":[{"href":"https:\/\/schule-an-der-isebek.hamburg.de\/index.php?rest_route=\/wp\/v2\/pages"}],"about":[{"href":"https:\/\/schule-an-der-isebek.hamburg.de\/index.php?rest_route=\/wp\/v2\/types\/page"}],"author":[{"embeddable":true,"href":"https:\/\/schule-an-der-isebek.hamburg.de\/index.php?rest_route=\/wp\/v2\/users\/180"}],"replies":[{"embeddable":true,"href":"https:\/\/schule-an-der-isebek.hamburg.de\/index.php?rest_route=%2Fwp%2Fv2%2Fcomments&post=128"}],"version-history":[{"count":1,"href":"https:\/\/schule-an-der-isebek.hamburg.de\/index.php?rest_route=\/wp\/v2\/pages\/128\/revisions"}],"predecessor-version":[{"id":501,"href":"https:\/\/schule-an-der-isebek.hamburg.de\/index.php?rest_route=\/wp\/v2\/pages\/128\/revisions\/501"}],"wp:attachment":[{"href":"https:\/\/schule-an-der-isebek.hamburg.de\/index.php?rest_route=%2Fwp%2Fv2%2Fmedia&parent=128"}],"curies":[{"name":"wp","href":"https:\/\/api.w.org\/{rel}","templated":true}]}}