{"id":1308,"date":"2019-01-15T13:34:27","date_gmt":"2019-01-15T11:34:27","guid":{"rendered":"https:\/\/schule-an-der-isebek.hamburg.de\/?page_id=1308"},"modified":"2024-07-08T08:20:45","modified_gmt":"2024-07-08T06:20:45","slug":"formulare-als-download","status":"publish","type":"page","link":"https:\/\/schule-an-der-isebek.hamburg.de\/?page_id=1308","title":{"rendered":"Formulare"},"content":{"rendered":"<p><strong>Formulare f\u00fcr die Schulanmeldung<\/strong><\/p>\n<p><a href=\"https:\/\/schule-an-der-isebek.hamburg.de\/wp-content\/uploads\/sites\/116\/2021\/04\/AS-23.pdf\" target=\"_blank\" rel=\"noopener noreferrer\">Antrag auf Einschulung<\/a><\/p>\n<p><a href=\"https:\/\/schule-an-der-isebek.hamburg.de\/wp-content\/uploads\/sites\/116\/2020\/12\/AS-22a_Vorstellung-grundschule-09.2018-Blanko-mit-Text_.pdf\" target=\"_blank\" rel=\"noopener noreferrer\">Vorstellung-Grundschule \/ Anmeldung Vorschule<\/a><\/p>\n<p><a href=\"https:\/\/schule-an-der-isebek.hamburg.de\/wp-content\/uploads\/sites\/116\/2023\/02\/Antrag-auf-Unterrichtsbefreiung-2023.pdf\">Antrag auf Unterrichtsbefreiung<\/a><\/p>\n<p><strong>&#8230;&#8230;&#8230;&#8230;&#8230;&#8230;&#8230;&#8230;&#8230;&#8230;&#8230;&#8230;&#8230;&#8230;&#8230;&#8230;&#8230;&#8230;&#8230;&#8230;&#8230;&#8230;&#8230;&#8230;&#8230;&#8230;&#8230;&#8230;..<\/strong><\/p>\n<p><strong>Anmeldung im Ganztag<\/strong><\/p>\n<p><strong>Ab dem 1. Februar ist die Online-Anmeldung f\u00fcr das neue Schuljahr 2023\/24 \u00fcber das Hamburg Service Portal m\u00f6glich.&nbsp;<\/strong><\/p>\n<p><strong>Weiterhin ist auch eine Anmeldung \u00fcber die Formulare m\u00f6glich. <\/strong><\/p>\n<p><strong>Es wurden<\/strong> <strong>alle Formulare \u00fcberarbeitet, verwenden Sie daher bitte nur noch die \u00fcber den Link abrufbaren Formulare:<\/strong><\/p>\n<p><a href=\"https:\/\/www.hamburg.de\/infos-fuer-eltern\/3372062\/anmeldung\/\"><strong>https:\/\/www.hamburg.de\/infos-fuer-eltern\/3372062\/anmeldung\/<\/strong><\/a><\/p>\n<p>Bitte beachten Sie bei den Formularen Folgendes:<\/p>\n<ul>\n<li>Alle Formulare enthalten den QR-Code mit dem man direkt zur Online-Anmeldung beim Hamburg-Service gelangt:<\/li>\n<\/ul>\n<ul>\n<li>Leistungsberechtigte nach dem Bildungs- und Teilhabepaket m\u00fcssen nur noch bei erstmaliger Beantragung von Ganztagsbetreuung, bei Schul-, bzw. Rechtskreiswechsel oder bei Leistungsbezug nach einer Leistungsunterbrechung einen Leistungsnachweis einreichen.&nbsp;<\/li>\n<\/ul>\n<p><u>Formulare f\u00fcr GBS (zur Info)<\/u><u>&nbsp;<\/u><\/p>\n<table width=\"849\">\n<tbody>\n<tr>\n<td width=\"72\">GT 1a<\/td>\n<td width=\"777\">Anmeldung zur Teilnahme an der ganzt\u00e4gigen Bildung und Betreuung (GBS)<\/td>\n<\/tr>\n<tr>\n<td width=\"72\">GT 2<\/td>\n<td width=\"777\">Antrag auf Bezuschussung des Mittagessens in der Grundschule (GBS\/GTS)<\/td>\n<\/tr>\n<tr>\n<td width=\"72\">GT 4a<\/td>\n<td width=\"777\">Ermittlung des durchschnittlichen Monatseinkommens bei Eink\u00fcnften aus nichtselbstst\u00e4ndiger Arbeit<\/td>\n<\/tr>\n<tr>\n<td width=\"72\">GT 4b<\/td>\n<td width=\"777\">Ermittlung des durchschnittlichen Monatseinkommens bei Eink\u00fcnften aus selbstst\u00e4ndiger Arbeit oder bei Beamten<\/td>\n<\/tr>\n<tr>\n<td width=\"72\">GT 4c<\/td>\n<td width=\"777\">Was Sie \u00fcber den Einkommensbogen wissen m\u00fcssen und wie Sie ihn richtig ausf\u00fcllen<\/td>\n<\/tr>\n<tr>\n<td width=\"72\">GT 3a<\/td>\n<td width=\"777\">\u00c4nderung des Betreuungsumfanges GBS<\/td>\n<\/tr>\n<tr>\n<td width=\"72\">GT 3c<\/td>\n<td width=\"777\">Antrag auf Neufestsetzung der Geb\u00fchren (GBS\/GTS) Vorschulklasse (VSK) und Klassenstufe 1 &#8211; 4<\/td>\n<\/tr>\n<\/tbody>\n<\/table>\n<p>&nbsp;<\/p>\n","protected":false},"excerpt":{"rendered":"<p>Formulare f\u00fcr die Schulanmeldung Antrag auf Einschulung Vorstellung-Grundschule \/ Anmeldung Vorschule Antrag auf Unterrichtsbefreiung &#8230;&#8230;&#8230;&#8230;&#8230;&#8230;&#8230;&#8230;&#8230;&#8230;&#8230;&#8230;&#8230;&#8230;&#8230;&#8230;&#8230;&#8230;&#8230;&#8230;&#8230;&#8230;&#8230;&#8230;&#8230;&#8230;&#8230;&#8230;.. Anmeldung im Ganztag Ab dem 1. Februar ist die Online-Anmeldung f\u00fcr das neue Schuljahr 2023\/24 \u00fcber das Hamburg Service Portal m\u00f6glich.&nbsp; Weiterhin ist auch eine Anmeldung \u00fcber die Formulare m\u00f6glich. Es wurden alle Formulare \u00fcberarbeitet, verwenden Sie daher bitte nur &hellip; <\/p>\n<p class=\"link-more\"><a href=\"https:\/\/schule-an-der-isebek.hamburg.de\/?page_id=1308\" class=\"more-link\"><span class=\"screen-reader-text\">\u201eFormulare\u201c <\/span>weiterlesen<\/a><\/p>\n","protected":false},"author":180,"featured_media":0,"parent":0,"menu_order":0,"comment_status":"closed","ping_status":"closed","template":"","meta":{"_acf_changed":false,"footnotes":""},"class_list":["post-1308","page","type-page","status-publish","hentry"],"acf":[],"_links":{"self":[{"href":"https:\/\/schule-an-der-isebek.hamburg.de\/index.php?rest_route=\/wp\/v2\/pages\/1308","targetHints":{"allow":["GET"]}}],"collection":[{"href":"https:\/\/schule-an-der-isebek.hamburg.de\/index.php?rest_route=\/wp\/v2\/pages"}],"about":[{"href":"https:\/\/schule-an-der-isebek.hamburg.de\/index.php?rest_route=\/wp\/v2\/types\/page"}],"author":[{"embeddable":true,"href":"https:\/\/schule-an-der-isebek.hamburg.de\/index.php?rest_route=\/wp\/v2\/users\/180"}],"replies":[{"embeddable":true,"href":"https:\/\/schule-an-der-isebek.hamburg.de\/index.php?rest_route=%2Fwp%2Fv2%2Fcomments&post=1308"}],"version-history":[{"count":28,"href":"https:\/\/schule-an-der-isebek.hamburg.de\/index.php?rest_route=\/wp\/v2\/pages\/1308\/revisions"}],"predecessor-version":[{"id":4635,"href":"https:\/\/schule-an-der-isebek.hamburg.de\/index.php?rest_route=\/wp\/v2\/pages\/1308\/revisions\/4635"}],"wp:attachment":[{"href":"https:\/\/schule-an-der-isebek.hamburg.de\/index.php?rest_route=%2Fwp%2Fv2%2Fmedia&parent=1308"}],"curies":[{"name":"wp","href":"https:\/\/api.w.org\/{rel}","templated":true}]}}