{"id":136,"date":"2015-01-15T10:01:07","date_gmt":"2015-01-15T08:01:07","guid":{"rendered":"http:\/\/schule-an-der-isebek.schulhomepages.hamburg.de\/?page_id=136"},"modified":"2026-04-15T11:28:01","modified_gmt":"2026-04-15T09:28:01","slug":"136-2","status":"publish","type":"page","link":"https:\/\/schule-an-der-isebek.hamburg.de\/?page_id=136","title":{"rendered":"Anmeldung zur Schule"},"content":{"rendered":"<h2><strong>Als erstes kommt die &#8222;Sprachuntersuchung&#8220;<\/strong><\/h2>\n<div class=\"maintext\">\n<p align=\"left\">im Oktober\/November&nbsp; schreiben die zust\u00e4ndigen Schulen alle Eltern an, die im Einzugsbereich der Schule wohnen und deren Kinder zu diesem Zeitpunkt ca. 4,5&nbsp; &#8211; 5 Jahre alt sind. Sie selbst m\u00fcssen also nicht aktiv werden. Warten Sie in Ruhe ab! Das Anmeldeformular zur Vorstellung erhalten Sie per Post. Auf der R\u00fcckseite finden Sie die Anmeldung zur Vorschule.&nbsp; Hier ben\u00f6tigen wir die Unterschrift beider Erziehungsberechtigter.<\/p>\n<p align=\"left\">Unsere Schule l\u00e4dt die Kinder zu einer Spielstunde ein, bei der ein P\u00e4dagoge\/eine P\u00e4dagogin mit den Kindern puzzelt, malt und Bewegungsspiele veranstaltet. Die Kinder sind zu dritt in einer Gruppe. Im Anschluss gibt es f\u00fcr die Eltern ein kurzes Feedback. Zeitfenster: ca. 60 Minuten<\/p>\n<p align=\"left\">Die Anmeldung zur Vorschule ist&nbsp; zwischen Oktober und Januar m\u00f6glich und erfolgt auf Ihren Wunsch durch einen Eintrag auf der R\u00fcckseite des Vorstellungsbogens, den Sie f\u00fcr Ihr Kind bei der Sprachuntersuchung&nbsp; ausf\u00fcllen. Falls Sie Ihr Kind an unserer Schule anmelden m\u00f6chten und nicht auf unserer Kandidatenliste stehen, sendet die f\u00fcr Sie zust\u00e4ndige Schule Ihre Anmeldung gern an uns weiter.<\/p>\n<\/div>\n<p align=\"left\">Wir m\u00f6chten Sie aufmerksam machen auf unseren diesj\u00e4hrigen<\/p>\n<div class=\"maintext\">\n<h2><strong>Schulanmeldung<\/strong><\/h2>\n<p align=\"left\">Die k\u00fcnftigen Erstkl\u00e4ssler*innen k\u00f6nnen im Januar angemeldet werden. Auch hier werden Sie als Eltern automatisch angeschrieben. Die Anmeldezeit endet in der letzten Januarwoche. Wir laden hierzu die Eltern nur noch in Ausnahmef\u00e4llen mit dem Kind ein.&nbsp; Die meisten Kinder haben wir oder eine andere Schule bei der Sprachuntersuchung bereits kennengelernt.<\/p>\n<p align=\"left\">Das Anmeldeformular nehmen wir mit den Unterschriften beider Erziehungsberechtigter pers\u00f6nlich, per Post sowie per Email an. Bitte kommen Sie in den \u00d6ffnungszeiten 8 &#8211; 14 Uhr (freitags 13 Uhr) gern vorbei. Alternativ senden Sie es bitte an:&nbsp; <a href=\"mailto:schule-an-der-isebek@bsb.hamburg.de\">schule-an-der-isebek@bsfb.hamburg.de<\/a> &nbsp;oder werfen es in unseren Briefkasten.<\/p>\n<p>F\u00fcr die Eltern, die ihr Kind f\u00fcr eine erste Klasse anmelden m\u00f6chten, steht die Brosch\u00fcre \u201eZum Schulanfang\u201c mit allen wichtigen Informationen \u00fcber die Organisation und die Angebote der Hamburger Grundschulen bereits online unter <a href=\"https:\/\/www.hamburg.de\/einschulung\" target=\"_blank\" rel=\"noopener noreferrer\">www.hamburg.de\/einschulung<\/a> zur Verf\u00fcgung.<\/p>\n<div class=\"maintext\">\n<p align=\"left\">Weitere Grundschulen in unserer N\u00e4he:<\/p>\n<p align=\"left\">Grundschule Hoheluft Tel.: 4142560<\/p>\n<p align=\"left\">Schule Kielortallee Tel.: 41330590<\/p>\n<p align=\"left\">Schule Turmweg Tel.: 428862510<\/p>\n<p align=\"left\">Schule Lutterothstra\u00dfe Tel.: 42888360<\/p>\n<p align=\"left\">Ab April nehmen wir Ihre <strong>Neuanmeldung zum Ganztag <\/strong>online entgegen.<\/p>\n<p><a href=\"https:\/\/serviceportal.hamburg.de\/HamburgGateway\/Service\/Entry\/GANZTAG\">F\u00fcr den Ganztag an Hamburger Schulen anmelden &#8211; Online-Dienst Einstiegsseite &#8211; HamburgService<\/a><\/p>\n<p align=\"left\">Sie erhalten von uns eine Buchungsbest\u00e4tigung, mit der Sie den Betreuungs-Vertrag mit KiJu schlie\u00dfen k\u00f6nnen.<\/p>\n<p align=\"left\">Die Anmeldung beim Caterer erfolgt \u00fcber einen Link auf dieser Homepage oder per Telefon bei <a href=\"https:\/\/alraune-hamburg.de\/index.php\/schulgastronomie\/\" target=\"_blank\" rel=\"noopener noreferrer\">Alraune<\/a>.<\/p>\n<p align=\"left\"><span style=\"font-size: 1rem\">Bei R\u00fcckfragen nehmen Sie gern telefonisch oder per Mail Kontakt mit uns auf: Frau Koch-Nehmzow: 040 428 88 340, Herr Bender: 040 428 88 3436, oder <\/span><a style=\"font-size: 1rem\" href=\"mailto:schule-an-der-isebek@bsb.hamburg.de\" target=\"_blank\" rel=\"noopener noreferrer\">schule-an-der-isebek@bsfb.hamburg.de<\/a><\/p>\n<\/div>\n<h2><strong>Anmeldung zur weiterf\u00fchrenden Schule Klasse 5<\/strong><\/h2>\n<p>Die Anmeldung Ihres Kindes in den weiterf\u00fchrenden Schulen ist in der ersten Februarwoche m\u00f6glich.<\/p>\n<p>Die Brosch\u00fcre \u201eDen richtigen Weg w\u00e4hlen\u201c mit allen Informationen rund um die Organisation und Angebote der weiterf\u00fchrenden Schulen in Hamburg finden interessierte Eltern und nat\u00fcrlich auch Sch\u00fclerinnen und Sch\u00fcler unter w<a href=\"https:\/\/www.hamburg.de\/weiterfuehrende-schulen\" target=\"_blank\" rel=\"noopener noreferrer\">ww.hamburg.de\/weiterfuehrende-schulen<\/a>.<\/p>\n<p>Gedruckte Exemplare der aktuellen Brosch\u00fcren k\u00f6nnen Eltern ab Januar 22 bestellen unter <a href=\"mailto:schulinformationszentrum@bsb.hamburg.de\" target=\"_blank\" rel=\"noopener noreferrer\">schulinformationszentrum@bsfb.hamburg.de<\/a>.<\/p>\n<p>Informationen \u00fcber jede einzelne Schule in Hamburg finden sich im Hamburger Schulinfosystem unter<a href=\"https:\/\/www.hamburg.de\/schulinfosystem\/\" target=\"_blank\" rel=\"noopener noreferrer\"> https:\/\/www.hamburg.de\/schulinfosystem\/<\/a>.<\/p>\n<\/div>\n<p align=\"left\"><span style=\"font-size: 1rem\">Wir freuen uns auf Sie!<\/span><\/p>\n<div class=\"maintext\">\n<p align=\"left\">&nbsp;<\/p>\n<\/div>\n<p>&nbsp;<\/p>\n<div class=\"spacer_down\">&nbsp;<\/div>\n","protected":false},"excerpt":{"rendered":"<p>Als erstes kommt die &#8222;Sprachuntersuchung&#8220; im Oktober\/November&nbsp; schreiben die zust\u00e4ndigen Schulen alle Eltern an, die im Einzugsbereich der Schule wohnen und deren Kinder zu diesem Zeitpunkt ca. 4,5&nbsp; &#8211; 5 Jahre alt sind. Sie selbst m\u00fcssen also nicht aktiv werden. Warten Sie in Ruhe ab! Das Anmeldeformular zur Vorstellung erhalten Sie per Post. Auf der &hellip; <\/p>\n<p class=\"link-more\"><a href=\"https:\/\/schule-an-der-isebek.hamburg.de\/?page_id=136\" class=\"more-link\"><span class=\"screen-reader-text\">\u201eAnmeldung zur Schule\u201c <\/span>weiterlesen<\/a><\/p>\n","protected":false},"author":180,"featured_media":11,"parent":0,"menu_order":0,"comment_status":"closed","ping_status":"closed","template":"","meta":{"_acf_changed":false,"footnotes":""},"class_list":["post-136","page","type-page","status-publish","has-post-thumbnail","hentry"],"acf":[],"_links":{"self":[{"href":"https:\/\/schule-an-der-isebek.hamburg.de\/index.php?rest_route=\/wp\/v2\/pages\/136","targetHints":{"allow":["GET"]}}],"collection":[{"href":"https:\/\/schule-an-der-isebek.hamburg.de\/index.php?rest_route=\/wp\/v2\/pages"}],"about":[{"href":"https:\/\/schule-an-der-isebek.hamburg.de\/index.php?rest_route=\/wp\/v2\/types\/page"}],"author":[{"embeddable":true,"href":"https:\/\/schule-an-der-isebek.hamburg.de\/index.php?rest_route=\/wp\/v2\/users\/180"}],"replies":[{"embeddable":true,"href":"https:\/\/schule-an-der-isebek.hamburg.de\/index.php?rest_route=%2Fwp%2Fv2%2Fcomments&post=136"}],"version-history":[{"count":25,"href":"https:\/\/schule-an-der-isebek.hamburg.de\/index.php?rest_route=\/wp\/v2\/pages\/136\/revisions"}],"predecessor-version":[{"id":5265,"href":"https:\/\/schule-an-der-isebek.hamburg.de\/index.php?rest_route=\/wp\/v2\/pages\/136\/revisions\/5265"}],"wp:featuredmedia":[{"embeddable":true,"href":"https:\/\/schule-an-der-isebek.hamburg.de\/index.php?rest_route=\/wp\/v2\/media\/11"}],"wp:attachment":[{"href":"https:\/\/schule-an-der-isebek.hamburg.de\/index.php?rest_route=%2Fwp%2Fv2%2Fmedia&parent=136"}],"curies":[{"name":"wp","href":"https:\/\/api.w.org\/{rel}","templated":true}]}}