{"id":146,"date":"2024-11-20T16:00:24","date_gmt":"2024-11-20T14:00:24","guid":{"rendered":"http:\/\/schule-an-der-isebek.schulhomepages.hamburg.de\/?page_id=146"},"modified":"2025-10-14T11:14:03","modified_gmt":"2025-10-14T09:14:03","slug":"unser-elternrat","status":"publish","type":"page","link":"https:\/\/schule-an-der-isebek.hamburg.de\/?page_id=146","title":{"rendered":"Elternrat"},"content":{"rendered":"<div class=\"spacer_ext\">\n<p>Um die Schule gemeinsam zu entwickeln und f\u00fcr die Kinder einen optimalen Weg in die Zukunft zu gestalten, braucht es Eltern, die sich im Rahmen des Elternrates oder schulischer Arbeitsgruppen einbringen.&nbsp;<\/p>\n<p>Die Mitglieder des Elternrates verstehen sich als Ansprechpartner und Bindeglied zwischen Schule, Elternschaft und Nachmittagsbetreuung. Der Elternrat vertritt die Interessen der Eltern im Rahmen des <a href=\"https:\/\/www.hamburg.de\/bsb\/schulgesetz\/\" target=\"_blank\" rel=\"noopener\">Hamburgischen Schulgesetzes (\u00a7\u00a7 72 bis 74)<\/a> und gestaltet das Schulleben aktiv mit.<\/p>\n<\/div>\n<p><strong style=\"font-size: 1rem\">Mitglieder der Gremien im Schuljahr&nbsp; 2024\/2025&nbsp;<\/strong><\/p>\n<div class=\"spacer_ext\">\n<p><b>Elternratsvorstand:<br \/>\n<\/b><em>Der ER-Vorstand nimmt seine Aufgaben gemeinschaftlich wahr.<b><br \/>\n<\/b><\/em>Cimin Keyhanian-Peschke<br \/>\nHeidi Schaefer<br \/>\nThomas Walk<\/p>\n<p><b><\/b><strong>Elternratsmitglieder:<br \/>\n<\/strong>Faye Hartono<br \/>\nSteffen&nbsp;J\u00fctting<br \/>\nJanine Klinkhammer<br \/>\nEvelyn Maasberg<br \/>\nCarl&nbsp;Riemenschneider<br \/>\nJulia Schulze<\/p>\n<p><strong>Elternratsersatzmitglieder:<br \/>\n<\/strong>Maria Geffken<br \/>\nKathleen Raschke<br \/>\n<strong><br \/>\nSchulkonferenz:<\/strong><br \/>\nSteffen&nbsp;J\u00fctting<br \/>\nJanine&nbsp;Klinkhammer<br \/>\nHeidi&nbsp;Schaefer<br \/>\nThomas&nbsp;Walk<br \/>\n<em>An der <strong>Schulkonferenz<\/strong> (SK), dem obersten Gremium der Schule, nehmen vier Mitglieder des Elternrats teil. Auch bei der Entwicklung und Gestaltung des Leitbilds der Schule war und ist die Elternschaft beteiligt.<\/em><\/p>\n<p><strong>Mitglied Kreiselternrat (KER):&nbsp;<br \/>\n<\/strong>Maria Geffken<br \/>\nKathleen Raschke<\/p>\n<p><strong>Mitglied Bezirkselternausschuss (BEA):<br \/>\n<\/strong>Cimin Keyhanian-Peschke<br \/>\nEvelyn Maasberg<\/p>\n<p><strong>Ganztagsausschuss (GTA):<br \/>\n<\/strong>Steffen&nbsp;J\u00fctting<br \/>\nEvelyn&nbsp;Maasberg<br \/>\nJulia&nbsp;Schulze<br \/>\nMartin&nbsp;von Loh<br \/>\n<em>Diese Eltern bilden gemeinsam mit Lehrer*innen und Betreuer*innen den <strong>Ganztagsausschuss<\/strong> (GTA), der sich u.a. mit Themen wie dem Kinderschutzkonzept, der Lernzeit oder einem Raumkonzept besch\u00e4ftigt.<\/em><\/p>\n<\/div>\n<div class=\"spacer_ext\">\n<p>Einmal im Schuljahr \u2013 wenige Wochen nach den Sommerferien \u2013 werden auf der Elternvollversammlung <strong>der Elternrat<\/strong> bzw. einzelne Mitglieder des Elternrats gew\u00e4hlt. W\u00e4hlbar sind alle Eltern der Sch\u00fcler der Schule An der Isebek, die f\u00fcr den Elternrat kandidieren. W\u00e4hlen d\u00fcrfen alle Klassenelternvertretungen bzw. deren Stellvertretungen.<br \/>\nDer Elternrat besteht aktuell aus neun Mitgliedern und zwei Ersatzmitgliedern. Die Sitzungen finden ungef\u00e4hr alle acht Wochen ab 19 Uhr statt und sind in der Regel schul\u00f6ffentlich. Hier k\u00f6nnen Eltern, die Schulleitung und der KiJu Informationen austauschen und wichtige Themen besprechen. Auch Arbeitsgruppen oder Projekte unseres Schullebens k\u00f6nnen hier eingebracht werden.<\/p>\n<p>Themen f\u00fcr den Elternrat k\u00f6nnen gern adressiert werden an:&nbsp;<br \/>\n<a href=\"mailto:er@an-der-isebek.de\">er@an-der-isebek.de<\/a><\/p>\n<p>&nbsp;<\/p>\n<p>&nbsp;<\/p>\n<\/div>\n","protected":false},"excerpt":{"rendered":"<p>Um die Schule gemeinsam zu entwickeln und f\u00fcr die Kinder einen optimalen Weg in die Zukunft zu gestalten, braucht es Eltern, die sich im Rahmen des Elternrates oder schulischer Arbeitsgruppen einbringen.&nbsp; Die Mitglieder des Elternrates verstehen sich als Ansprechpartner und Bindeglied zwischen Schule, Elternschaft und Nachmittagsbetreuung. Der Elternrat vertritt die Interessen der Eltern im Rahmen &hellip; <\/p>\n<p class=\"link-more\"><a href=\"https:\/\/schule-an-der-isebek.hamburg.de\/?page_id=146\" class=\"more-link\"><span class=\"screen-reader-text\">\u201eElternrat\u201c <\/span>weiterlesen<\/a><\/p>\n","protected":false},"author":180,"featured_media":4234,"parent":0,"menu_order":0,"comment_status":"closed","ping_status":"closed","template":"","meta":{"_acf_changed":false,"footnotes":""},"class_list":["post-146","page","type-page","status-publish","has-post-thumbnail","hentry"],"acf":[],"_links":{"self":[{"href":"https:\/\/schule-an-der-isebek.hamburg.de\/index.php?rest_route=\/wp\/v2\/pages\/146","targetHints":{"allow":["GET"]}}],"collection":[{"href":"https:\/\/schule-an-der-isebek.hamburg.de\/index.php?rest_route=\/wp\/v2\/pages"}],"about":[{"href":"https:\/\/schule-an-der-isebek.hamburg.de\/index.php?rest_route=\/wp\/v2\/types\/page"}],"author":[{"embeddable":true,"href":"https:\/\/schule-an-der-isebek.hamburg.de\/index.php?rest_route=\/wp\/v2\/users\/180"}],"replies":[{"embeddable":true,"href":"https:\/\/schule-an-der-isebek.hamburg.de\/index.php?rest_route=%2Fwp%2Fv2%2Fcomments&post=146"}],"version-history":[{"count":135,"href":"https:\/\/schule-an-der-isebek.hamburg.de\/index.php?rest_route=\/wp\/v2\/pages\/146\/revisions"}],"predecessor-version":[{"id":5084,"href":"https:\/\/schule-an-der-isebek.hamburg.de\/index.php?rest_route=\/wp\/v2\/pages\/146\/revisions\/5084"}],"wp:featuredmedia":[{"embeddable":true,"href":"https:\/\/schule-an-der-isebek.hamburg.de\/index.php?rest_route=\/wp\/v2\/media\/4234"}],"wp:attachment":[{"href":"https:\/\/schule-an-der-isebek.hamburg.de\/index.php?rest_route=%2Fwp%2Fv2%2Fmedia&parent=146"}],"curies":[{"name":"wp","href":"https:\/\/api.w.org\/{rel}","templated":true}]}}