{"id":161,"date":"2015-01-15T14:07:38","date_gmt":"2015-01-15T12:07:38","guid":{"rendered":"http:\/\/schule-an-der-isebek.schulhomepages.hamburg.de\/?page_id=161"},"modified":"2023-10-09T08:37:36","modified_gmt":"2023-10-09T06:37:36","slug":"vorschule","status":"publish","type":"page","link":"https:\/\/schule-an-der-isebek.hamburg.de\/?page_id=161","title":{"rendered":"Vorschule"},"content":{"rendered":"<div class=\"maintext\">\n<p align=\"left\"><strong style=\"font-size: 1rem\">Unsere Vorschule \u2013 Gut vorbereitet in die Schule<\/strong><\/p>\n<\/div>\n<div class=\"maintext\">\n<p align=\"left\">Unsere beiden Vorschulklassen, die M\u00e4useklasse und die B\u00e4renklasse, bieten den Kindern die M\u00f6glichkeit, spielerisch, in altersgem\u00e4\u00dfer Form, an Lern- und Unterrichtsformen der Grundschule herangef\u00fchrt zu werden.<\/p>\n<\/div>\n<div class=\"maintext\">\n<p align=\"left\">Lern- und Aktivit\u00e4tsbereiche sind:<\/p>\n<\/div>\n<div class=\"maintext\">\n<ul>\n<li>Soziales Lernen (interaktive Spiele, t\u00e4gl. Gespr\u00e4chskreise, Konflikttraining, Sprache\/Sprechen (Rollenspiele, Geschichten- und Bilderb\u00fccher, \u201eNachdenken\/Philosophieren&#8220;, Sprachspiele\u2026)<\/li>\n<li>Mathematischer Bereich (Mengenverst\u00e4ndnis, Formen, erste Vor\u00fcbungen zum Rechnen\u2026)<\/li>\n<li>Sportlicher Bereich (Freude an Bewegung und Spiel auf unserem Dachboden und in der Turnhalle, Tanz, Fantasiereisen\u2026)<\/li>\n<li>Musischer Bereich (Rhythmik, Bildende Kunst, Singen, kleine Auff\u00fchrungen\u2026)<\/li>\n<li>Sachkundlicher Bereich (Naturerfahrungen in der Schule, im Stadtteil und auf gemeinsamen Ausfl\u00fcgen, backen, kochen, experimentieren\u2026) &nbsp;&nbsp; und viel Zeit zum Spielen<\/li>\n<\/ul>\n<p align=\"left\">Eine Patenklasse begr\u00fc\u00dft die Vorschulkinder zu Beginn des Schuljahres und hilft in der Eingew\u00f6hnungsphase die Schule und das Schulleben leichter kennenzulernen, denn die Vorschulklasse ist an den Aktivit\u00e4ten der Grundschule beteiligt: Laternenfest, Krippenspiel, Projekt-\/ Werkstattwoche, Bastelnachmittag, Faschingsfest und Fu\u00dfballturniere. Auf diese Weise werden die Kinder in die Gemeinschaft der Schule eingef\u00fchrt und lernen die Rituale kennen.<\/p>\n<p align=\"left\"><strong style=\"font-size: 1rem\">Ihre Sanna Madej (M\u00e4useklasse) und Annette Juckel (B\u00e4renklasse)<\/strong><\/p>\n<\/div>\n","protected":false},"excerpt":{"rendered":"<p>Unsere Vorschule \u2013 Gut vorbereitet in die Schule Unsere beiden Vorschulklassen, die M\u00e4useklasse und die B\u00e4renklasse, bieten den Kindern die M\u00f6glichkeit, spielerisch, in altersgem\u00e4\u00dfer Form, an Lern- und Unterrichtsformen der Grundschule herangef\u00fchrt zu werden. Lern- und Aktivit\u00e4tsbereiche sind: Soziales Lernen (interaktive Spiele, t\u00e4gl. Gespr\u00e4chskreise, Konflikttraining, Sprache\/Sprechen (Rollenspiele, Geschichten- und Bilderb\u00fccher, \u201eNachdenken\/Philosophieren&#8220;, Sprachspiele\u2026) Mathematischer Bereich (Mengenverst\u00e4ndnis, &hellip; <\/p>\n<p class=\"link-more\"><a href=\"https:\/\/schule-an-der-isebek.hamburg.de\/?page_id=161\" class=\"more-link\"><span class=\"screen-reader-text\">\u201eVorschule\u201c <\/span>weiterlesen<\/a><\/p>\n","protected":false},"author":180,"featured_media":4184,"parent":0,"menu_order":0,"comment_status":"closed","ping_status":"closed","template":"","meta":{"_acf_changed":false,"footnotes":""},"class_list":["post-161","page","type-page","status-publish","has-post-thumbnail","hentry"],"acf":[],"_links":{"self":[{"href":"https:\/\/schule-an-der-isebek.hamburg.de\/index.php?rest_route=\/wp\/v2\/pages\/161","targetHints":{"allow":["GET"]}}],"collection":[{"href":"https:\/\/schule-an-der-isebek.hamburg.de\/index.php?rest_route=\/wp\/v2\/pages"}],"about":[{"href":"https:\/\/schule-an-der-isebek.hamburg.de\/index.php?rest_route=\/wp\/v2\/types\/page"}],"author":[{"embeddable":true,"href":"https:\/\/schule-an-der-isebek.hamburg.de\/index.php?rest_route=\/wp\/v2\/users\/180"}],"replies":[{"embeddable":true,"href":"https:\/\/schule-an-der-isebek.hamburg.de\/index.php?rest_route=%2Fwp%2Fv2%2Fcomments&post=161"}],"version-history":[{"count":6,"href":"https:\/\/schule-an-der-isebek.hamburg.de\/index.php?rest_route=\/wp\/v2\/pages\/161\/revisions"}],"predecessor-version":[{"id":4183,"href":"https:\/\/schule-an-der-isebek.hamburg.de\/index.php?rest_route=\/wp\/v2\/pages\/161\/revisions\/4183"}],"wp:featuredmedia":[{"embeddable":true,"href":"https:\/\/schule-an-der-isebek.hamburg.de\/index.php?rest_route=\/wp\/v2\/media\/4184"}],"wp:attachment":[{"href":"https:\/\/schule-an-der-isebek.hamburg.de\/index.php?rest_route=%2Fwp%2Fv2%2Fmedia&parent=161"}],"curies":[{"name":"wp","href":"https:\/\/api.w.org\/{rel}","templated":true}]}}