{"id":2,"date":"2014-12-16T11:24:10","date_gmt":"2014-12-16T11:24:10","guid":{"rendered":"http:\/\/schule-an-der-isebek.schulhomepages.hamburg.de\/?page_id=2"},"modified":"2022-01-27T10:44:20","modified_gmt":"2022-01-27T08:44:20","slug":"beispiel-seite","status":"publish","type":"page","link":"https:\/\/schule-an-der-isebek.hamburg.de\/?page_id=2","title":{"rendered":"Schule An der Isebek &#8211; Herzlich Willkommen!"},"content":{"rendered":"<p>Herzlich Willkommen an der Schule An der Isebek, mitten im Herzen von Eimsb\u00fcttel!<\/p>\n<p>Derzeit werden bei uns rund 370 Sch\u00fclerinnen und Sch\u00fcler von 25 Lehrkr\u00e4ften in 18 Klassen von\u00a0 zwei Vorschulklassen bis Jahrgangsstufe 4 unterrichtet.<\/p>\n<p>Die gro\u00dfe Mehrheit unserer Sch\u00fclerinnen und Sch\u00fcler verbringt im Rahmen der ganzt\u00e4gigen Bildung und Betreuung (GBS) auch den Nachmittag in unserer Schule. Die Nachmittagsbetreuung der GBS wird vom ETV-KiJu verantwortet. Unserer Caterer Alraune bereitet unseren Kindern t\u00e4glich ein warmes und gesundes Mittagessen. Regelm\u00e4\u00dfige Kooperationen der Schule An der Isebek bestehen dar\u00fcber hinaus auch mit dem Deutsch-Franz\u00f6sischen Gymnasium, dem AELITA Musiktheater, dem Hamburger Sportbund (Talentf\u00f6rderung) und dem Kinderbauernhof Kirchdorf.<\/p>\n<p>Als Schulgemeinschaft f\u00fchlen wir uns der Leitidee Bildung f\u00fcr nachhaltige Entwicklung (BNE) verpflichtet. Diese zielt im Kern darauf ab, die Auswirkungen des eigenen Handelns auf die Welt zu verstehen und zu lernen, verantwortungsvolle Entscheidungen zu treffen. Dieser Grundgedanke wird durch die Werte Freude, Vertrauen, Selbst\u00e4ndigkeit, Verantwortung und Wertsch\u00e4tzung besonders gest\u00fctzt. Sie zielen auf eine freudige und vertrauensvolle Schulkultur, basieren auf einer wertsch\u00e4tzenden Haltung und streben Eigenverantwortung und Selbst\u00e4ndigkeit als wichtige Grundlage von Bildungsprozessen an. In diesem Sinne wollen wir uns auf den Weg machen und unsere Schule gestalten. In unseren t\u00e4glichen Prozessen, im Unterricht und in unterrichtserg\u00e4nzenden Aktivit\u00e4ten, im Schulleben und in unserer Zusammenarbeit orientieren wir uns an den Werten. Die musisch-\u00e4sthetische Bildung ist ein weiterer Schwerpunkt unserer p\u00e4dagogischen Arbeit. Wir haben einen jahrgangs\u00fcbergreifenden Chor, ein Orchester und engagierte Musiklehrerinnen!<\/p>\n<p>Das Schulgeb\u00e4ude an der Bismarckstra\u00dfe wurde um die Jahrhundertwende erbaut und Anfang der 90er Jahre grundsaniert. Der neue Standort an der Bundesstra\u00dfe 94 wurde im Oktober 2021 fertiggestellt. Er bietet mit acht neuen Klassenr\u00e4umen, zwei Fachr\u00e4umen, einer Vitalk\u00fcche, einer Mensa und einer Sporthalle neue M\u00f6glichkeiten f\u00fcr die Schul- und Unterrichtsentwicklung.<\/p>\n<p>Wir hoffen Ihr Interesse f\u00fcr unsere Schule geweckt zu haben und \u00a0freuen uns auf Ihre Fragen und Anregungen.<\/p>\n<p>Viele Gr\u00fc\u00dfe<br \/>\nDennis Frey<\/p>\n<p>Schulleiter<\/p>\n<p><a style=\"font-size: small\" href=\"https:\/\/www.google.de\/maps\/dir\/53.5755843,9.9679077\/schule-an-der-isebek\/@53.5756175,9.9656085,17z\/data=!3m1!4b1!4m9!4m8!1m1!4e1!1m5!1m1!1s0x47b18f4e8b3f81f1:0x6314458f2b032068!2m2!1d9.9678303!2d53.57554\" target=\"_blank\" rel=\"noopener noreferrer\">Hier finden Sie unseren Standort.<\/a><\/p>\n<div id='gallery-1' class='gallery galleryid-2 gallery-columns-3 gallery-size-thumbnail'><figure class='gallery-item'>\n\t\t\t<div class='gallery-icon landscape'>\n\t\t\t\t<a href='https:\/\/schule-an-der-isebek.hamburg.de\/wp-content\/uploads\/sites\/116\/2019\/05\/Schule-von-vorne-Chr.-Hoffmann.jpg' title=\"\" data-rl_title=\"\" class=\"rl-gallery-link\" data-rl_caption=\"\" data-rel=\"lightbox-gallery-1\"><img loading=\"lazy\" decoding=\"async\" width=\"150\" height=\"150\" src=\"https:\/\/schule-an-der-isebek.hamburg.de\/wp-content\/uploads\/sites\/116\/2019\/05\/Schule-von-vorne-Chr.-Hoffmann-150x150.jpg\" class=\"attachment-thumbnail size-thumbnail\" alt=\"\" aria-describedby=\"gallery-1-1534\" srcset=\"https:\/\/schule-an-der-isebek.hamburg.de\/wp-content\/uploads\/sites\/116\/2019\/05\/Schule-von-vorne-Chr.-Hoffmann-150x150.jpg 150w, https:\/\/schule-an-der-isebek.hamburg.de\/wp-content\/uploads\/sites\/116\/2019\/05\/Schule-von-vorne-Chr.-Hoffmann-100x100.jpg 100w\" sizes=\"auto, 100vw\" \/><\/a>\n\t\t\t<\/div>\n\t\t\t\t<figcaption class='wp-caption-text gallery-caption' id='gallery-1-1534'>\n\t\t\t\tBismarckstra\u00dfe 83-85, 20253 Hamburg\n\t\t\t\t<\/figcaption><\/figure><figure class='gallery-item'>\n\t\t\t<div class='gallery-icon landscape'>\n\t\t\t\t<a href='https:\/\/schule-an-der-isebek.hamburg.de\/wp-content\/uploads\/sites\/116\/2019\/05\/Schulhof-Chr.-Hoffmann.jpg' title=\"\" data-rl_title=\"\" class=\"rl-gallery-link\" data-rl_caption=\"\" data-rel=\"lightbox-gallery-1\"><img loading=\"lazy\" decoding=\"async\" width=\"150\" height=\"150\" src=\"https:\/\/schule-an-der-isebek.hamburg.de\/wp-content\/uploads\/sites\/116\/2019\/05\/Schulhof-Chr.-Hoffmann-150x150.jpg\" class=\"attachment-thumbnail size-thumbnail\" alt=\"\" aria-describedby=\"gallery-1-1535\" srcset=\"https:\/\/schule-an-der-isebek.hamburg.de\/wp-content\/uploads\/sites\/116\/2019\/05\/Schulhof-Chr.-Hoffmann-150x150.jpg 150w, https:\/\/schule-an-der-isebek.hamburg.de\/wp-content\/uploads\/sites\/116\/2019\/05\/Schulhof-Chr.-Hoffmann-100x100.jpg 100w\" sizes=\"auto, 100vw\" \/><\/a>\n\t\t\t<\/div>\n\t\t\t\t<figcaption class='wp-caption-text gallery-caption' id='gallery-1-1535'>\n\t\t\t\tSchulhof\n\t\t\t\t<\/figcaption><\/figure><figure class='gallery-item'>\n\t\t\t<div class='gallery-icon landscape'>\n\t\t\t\t<a href='https:\/\/schule-an-der-isebek.hamburg.de\/wp-content\/uploads\/sites\/116\/2019\/05\/Kletterger\u00fcst.jpg' title=\"\" data-rl_title=\"\" class=\"rl-gallery-link\" data-rl_caption=\"\" data-rel=\"lightbox-gallery-1\"><img loading=\"lazy\" decoding=\"async\" width=\"150\" height=\"150\" src=\"https:\/\/schule-an-der-isebek.hamburg.de\/wp-content\/uploads\/sites\/116\/2019\/05\/Kletterger\u00fcst-150x150.jpg\" class=\"attachment-thumbnail size-thumbnail\" alt=\"\" aria-describedby=\"gallery-1-1527\" srcset=\"https:\/\/schule-an-der-isebek.hamburg.de\/wp-content\/uploads\/sites\/116\/2019\/05\/Kletterger\u00fcst-150x150.jpg 150w, https:\/\/schule-an-der-isebek.hamburg.de\/wp-content\/uploads\/sites\/116\/2019\/05\/Kletterger\u00fcst-100x100.jpg 100w\" sizes=\"auto, 100vw\" \/><\/a>\n\t\t\t<\/div>\n\t\t\t\t<figcaption class='wp-caption-text gallery-caption' id='gallery-1-1527'>\n\t\t\t\tSchulhof\n\t\t\t\t<\/figcaption><\/figure><figure class='gallery-item'>\n\t\t\t<div class='gallery-icon landscape'>\n\t\t\t\t<a href='https:\/\/schule-an-der-isebek.hamburg.de\/wp-content\/uploads\/sites\/116\/2019\/05\/Schule-von-hinten.jpg' title=\"\" data-rl_title=\"\" class=\"rl-gallery-link\" data-rl_caption=\"\" data-rel=\"lightbox-gallery-1\"><img loading=\"lazy\" decoding=\"async\" width=\"150\" height=\"150\" src=\"https:\/\/schule-an-der-isebek.hamburg.de\/wp-content\/uploads\/sites\/116\/2019\/05\/Schule-von-hinten-150x150.jpg\" class=\"attachment-thumbnail size-thumbnail\" alt=\"\" aria-describedby=\"gallery-1-1528\" srcset=\"https:\/\/schule-an-der-isebek.hamburg.de\/wp-content\/uploads\/sites\/116\/2019\/05\/Schule-von-hinten-150x150.jpg 150w, https:\/\/schule-an-der-isebek.hamburg.de\/wp-content\/uploads\/sites\/116\/2019\/05\/Schule-von-hinten-100x100.jpg 100w\" sizes=\"auto, 100vw\" \/><\/a>\n\t\t\t<\/div>\n\t\t\t\t<figcaption class='wp-caption-text gallery-caption' id='gallery-1-1528'>\n\t\t\t\tSchulhof\n\t\t\t\t<\/figcaption><\/figure><figure class='gallery-item'>\n\t\t\t<div class='gallery-icon portrait'>\n\t\t\t\t<a href='https:\/\/schule-an-der-isebek.hamburg.de\/wp-content\/uploads\/sites\/116\/2015\/04\/garten-1-477.jpg' title=\"\" data-rl_title=\"\" class=\"rl-gallery-link\" data-rl_caption=\"\" data-rel=\"lightbox-gallery-1\"><img loading=\"lazy\" decoding=\"async\" width=\"150\" height=\"150\" src=\"https:\/\/schule-an-der-isebek.hamburg.de\/wp-content\/uploads\/sites\/116\/2015\/04\/garten-1-477-150x150.jpg\" class=\"attachment-thumbnail size-thumbnail\" alt=\"\" aria-describedby=\"gallery-1-321\" sizes=\"auto, 100vw\" \/><\/a>\n\t\t\t<\/div>\n\t\t\t\t<figcaption class='wp-caption-text gallery-caption' id='gallery-1-321'>\n\t\t\t\tSchulgarten\n\t\t\t\t<\/figcaption><\/figure><figure class='gallery-item'>\n\t\t\t<div class='gallery-icon landscape'>\n\t\t\t\t<a href='https:\/\/schule-an-der-isebek.hamburg.de\/wp-content\/uploads\/sites\/116\/2014\/12\/P1030295.jpg' title=\"\" data-rl_title=\"\" class=\"rl-gallery-link\" data-rl_caption=\"\" data-rel=\"lightbox-gallery-1\"><img loading=\"lazy\" decoding=\"async\" width=\"150\" height=\"150\" src=\"https:\/\/schule-an-der-isebek.hamburg.de\/wp-content\/uploads\/sites\/116\/2014\/12\/P1030295-150x150.jpg\" class=\"attachment-thumbnail size-thumbnail\" alt=\"\" aria-describedby=\"gallery-1-60\" sizes=\"auto, 100vw\" \/><\/a>\n\t\t\t<\/div>\n\t\t\t\t<figcaption class='wp-caption-text gallery-caption' id='gallery-1-60'>\n\t\t\t\tSchulgarten\n\t\t\t\t<\/figcaption><\/figure><figure class='gallery-item'>\n\t\t\t<div class='gallery-icon landscape'>\n\t\t\t\t<a href='https:\/\/schule-an-der-isebek.hamburg.de\/wp-content\/uploads\/sites\/116\/2015\/04\/Am-Teich2-477.jpg' title=\"\" data-rl_title=\"\" class=\"rl-gallery-link\" data-rl_caption=\"\" data-rel=\"lightbox-gallery-1\"><img loading=\"lazy\" decoding=\"async\" width=\"150\" height=\"150\" src=\"https:\/\/schule-an-der-isebek.hamburg.de\/wp-content\/uploads\/sites\/116\/2015\/04\/Am-Teich2-477-150x150.jpg\" class=\"attachment-thumbnail size-thumbnail\" alt=\"\" aria-describedby=\"gallery-1-319\" sizes=\"auto, 100vw\" \/><\/a>\n\t\t\t<\/div>\n\t\t\t\t<figcaption class='wp-caption-text gallery-caption' id='gallery-1-319'>\n\t\t\t\tSchulgarten\n\t\t\t\t<\/figcaption><\/figure><figure class='gallery-item'>\n\t\t\t<div class='gallery-icon landscape'>\n\t\t\t\t<a href='https:\/\/schule-an-der-isebek.hamburg.de\/wp-content\/uploads\/sites\/116\/2014\/12\/P1030229.jpg' title=\"\" data-rl_title=\"\" class=\"rl-gallery-link\" data-rl_caption=\"\" data-rel=\"lightbox-gallery-1\"><img loading=\"lazy\" decoding=\"async\" width=\"150\" height=\"150\" src=\"https:\/\/schule-an-der-isebek.hamburg.de\/wp-content\/uploads\/sites\/116\/2014\/12\/P1030229-150x150.jpg\" class=\"attachment-thumbnail size-thumbnail\" alt=\"\" aria-describedby=\"gallery-1-42\" sizes=\"auto, 100vw\" \/><\/a>\n\t\t\t<\/div>\n\t\t\t\t<figcaption class='wp-caption-text gallery-caption' id='gallery-1-42'>\n\t\t\t\tMathewerkstatt\n\t\t\t\t<\/figcaption><\/figure><figure class='gallery-item'>\n\t\t\t<div class='gallery-icon portrait'>\n\t\t\t\t<a href='https:\/\/schule-an-der-isebek.hamburg.de\/wp-content\/uploads\/sites\/116\/2014\/12\/P1030221.jpg' title=\"\" data-rl_title=\"\" class=\"rl-gallery-link\" data-rl_caption=\"\" data-rel=\"lightbox-gallery-1\"><img loading=\"lazy\" decoding=\"async\" width=\"150\" height=\"150\" src=\"https:\/\/schule-an-der-isebek.hamburg.de\/wp-content\/uploads\/sites\/116\/2014\/12\/P1030221-150x150.jpg\" class=\"attachment-thumbnail size-thumbnail\" alt=\"\" aria-describedby=\"gallery-1-37\" sizes=\"auto, 100vw\" \/><\/a>\n\t\t\t<\/div>\n\t\t\t\t<figcaption class='wp-caption-text gallery-caption' id='gallery-1-37'>\n\t\t\t\tKletterwand auf dem Dachboden\n\t\t\t\t<\/figcaption><\/figure><figure class='gallery-item'>\n\t\t\t<div class='gallery-icon landscape'>\n\t\t\t\t<a href='https:\/\/schule-an-der-isebek.hamburg.de\/wp-content\/uploads\/sites\/116\/2014\/12\/P1030226.jpg' title=\"\" data-rl_title=\"\" class=\"rl-gallery-link\" data-rl_caption=\"\" data-rel=\"lightbox-gallery-1\"><img loading=\"lazy\" decoding=\"async\" width=\"150\" height=\"150\" src=\"https:\/\/schule-an-der-isebek.hamburg.de\/wp-content\/uploads\/sites\/116\/2014\/12\/P1030226-150x150.jpg\" class=\"attachment-thumbnail size-thumbnail\" alt=\"\" aria-describedby=\"gallery-1-40\" sizes=\"auto, 100vw\" \/><\/a>\n\t\t\t<\/div>\n\t\t\t\t<figcaption class='wp-caption-text gallery-caption' id='gallery-1-40'>\n\t\t\t\tDachboden\n\t\t\t\t<\/figcaption><\/figure><figure class='gallery-item'>\n\t\t\t<div class='gallery-icon landscape'>\n\t\t\t\t<a href='https:\/\/schule-an-der-isebek.hamburg.de\/wp-content\/uploads\/sites\/116\/2014\/12\/P1030223.jpg' title=\"\" data-rl_title=\"\" class=\"rl-gallery-link\" data-rl_caption=\"\" data-rel=\"lightbox-gallery-1\"><img loading=\"lazy\" decoding=\"async\" width=\"150\" height=\"150\" src=\"https:\/\/schule-an-der-isebek.hamburg.de\/wp-content\/uploads\/sites\/116\/2014\/12\/P1030223-150x150.jpg\" class=\"attachment-thumbnail size-thumbnail\" alt=\"\" aria-describedby=\"gallery-1-38\" sizes=\"auto, 100vw\" \/><\/a>\n\t\t\t<\/div>\n\t\t\t\t<figcaption class='wp-caption-text gallery-caption' id='gallery-1-38'>\n\t\t\t\tDachboden\n\t\t\t\t<\/figcaption><\/figure><figure class='gallery-item'>\n\t\t\t<div class='gallery-icon landscape'>\n\t\t\t\t<a href='https:\/\/schule-an-der-isebek.hamburg.de\/wp-content\/uploads\/sites\/116\/2014\/12\/P1030218.jpg' title=\"\" data-rl_title=\"\" class=\"rl-gallery-link\" data-rl_caption=\"\" data-rel=\"lightbox-gallery-1\"><img loading=\"lazy\" decoding=\"async\" width=\"150\" height=\"150\" src=\"https:\/\/schule-an-der-isebek.hamburg.de\/wp-content\/uploads\/sites\/116\/2014\/12\/P1030218-150x150.jpg\" class=\"attachment-thumbnail size-thumbnail\" alt=\"\" aria-describedby=\"gallery-1-36\" sizes=\"auto, 100vw\" \/><\/a>\n\t\t\t<\/div>\n\t\t\t\t<figcaption class='wp-caption-text gallery-caption' id='gallery-1-36'>\n\t\t\t\tDachboden\n\t\t\t\t<\/figcaption><\/figure><figure class='gallery-item'>\n\t\t\t<div class='gallery-icon portrait'>\n\t\t\t\t<a href='https:\/\/schule-an-der-isebek.hamburg.de\/wp-content\/uploads\/sites\/116\/2014\/12\/P1030217.jpg' title=\"\" data-rl_title=\"\" class=\"rl-gallery-link\" data-rl_caption=\"\" data-rel=\"lightbox-gallery-1\"><img loading=\"lazy\" decoding=\"async\" width=\"150\" height=\"150\" src=\"https:\/\/schule-an-der-isebek.hamburg.de\/wp-content\/uploads\/sites\/116\/2014\/12\/P1030217-150x150.jpg\" class=\"attachment-thumbnail size-thumbnail\" alt=\"\" aria-describedby=\"gallery-1-35\" sizes=\"auto, 100vw\" \/><\/a>\n\t\t\t<\/div>\n\t\t\t\t<figcaption class='wp-caption-text gallery-caption' id='gallery-1-35'>\n\t\t\t\tDachboden\n\t\t\t\t<\/figcaption><\/figure><figure class='gallery-item'>\n\t\t\t<div class='gallery-icon landscape'>\n\t\t\t\t<a href='https:\/\/schule-an-der-isebek.hamburg.de\/wp-content\/uploads\/sites\/116\/2022\/01\/cropped-Schule-An-der-Isebek-Bundesstrasse-94.jpg' title=\"\" data-rl_title=\"\" class=\"rl-gallery-link\" data-rl_caption=\"\" data-rel=\"lightbox-gallery-1\"><img loading=\"lazy\" decoding=\"async\" width=\"150\" height=\"150\" src=\"https:\/\/schule-an-der-isebek.hamburg.de\/wp-content\/uploads\/sites\/116\/2022\/01\/cropped-Schule-An-der-Isebek-Bundesstrasse-94-150x150.jpg\" class=\"attachment-thumbnail size-thumbnail\" alt=\"\" aria-describedby=\"gallery-1-3089\" srcset=\"https:\/\/schule-an-der-isebek.hamburg.de\/wp-content\/uploads\/sites\/116\/2022\/01\/cropped-Schule-An-der-Isebek-Bundesstrasse-94-150x150.jpg 150w, https:\/\/schule-an-der-isebek.hamburg.de\/wp-content\/uploads\/sites\/116\/2022\/01\/cropped-Schule-An-der-Isebek-Bundesstrasse-94-100x100.jpg 100w\" sizes=\"auto, 100vw\" \/><\/a>\n\t\t\t<\/div>\n\t\t\t\t<figcaption class='wp-caption-text gallery-caption' id='gallery-1-3089'>\n\t\t\t\tBundesstra\u00dfe 94 Stufenhaus\n\t\t\t\t<\/figcaption><\/figure><figure class='gallery-item'>\n\t\t\t<div class='gallery-icon landscape'>\n\t\t\t\t<a href='https:\/\/schule-an-der-isebek.hamburg.de\/wp-content\/uploads\/sites\/116\/2022\/01\/20220126_094754_resized_1.jpg' title=\"\" data-rl_title=\"\" class=\"rl-gallery-link\" data-rl_caption=\"\" data-rel=\"lightbox-gallery-1\"><img loading=\"lazy\" decoding=\"async\" width=\"150\" height=\"150\" src=\"https:\/\/schule-an-der-isebek.hamburg.de\/wp-content\/uploads\/sites\/116\/2022\/01\/20220126_094754_resized_1-150x150.jpg\" class=\"attachment-thumbnail size-thumbnail\" alt=\"\" aria-describedby=\"gallery-1-3139\" srcset=\"https:\/\/schule-an-der-isebek.hamburg.de\/wp-content\/uploads\/sites\/116\/2022\/01\/20220126_094754_resized_1-150x150.jpg 150w, https:\/\/schule-an-der-isebek.hamburg.de\/wp-content\/uploads\/sites\/116\/2022\/01\/20220126_094754_resized_1-100x100.jpg 100w\" sizes=\"auto, 100vw\" \/><\/a>\n\t\t\t<\/div>\n\t\t\t\t<figcaption class='wp-caption-text gallery-caption' id='gallery-1-3139'>\n\t\t\t\tSchulhof Bundesstra\u00dfe\n\t\t\t\t<\/figcaption><\/figure><figure class='gallery-item'>\n\t\t\t<div class='gallery-icon landscape'>\n\t\t\t\t<a href='https:\/\/schule-an-der-isebek.hamburg.de\/wp-content\/uploads\/sites\/116\/2022\/01\/20220126_094802_resized_1.jpg' title=\"\" data-rl_title=\"\" class=\"rl-gallery-link\" data-rl_caption=\"\" data-rel=\"lightbox-gallery-1\"><img loading=\"lazy\" decoding=\"async\" width=\"150\" height=\"150\" src=\"https:\/\/schule-an-der-isebek.hamburg.de\/wp-content\/uploads\/sites\/116\/2022\/01\/20220126_094802_resized_1-150x150.jpg\" class=\"attachment-thumbnail size-thumbnail\" alt=\"\" srcset=\"https:\/\/schule-an-der-isebek.hamburg.de\/wp-content\/uploads\/sites\/116\/2022\/01\/20220126_094802_resized_1-150x150.jpg 150w, https:\/\/schule-an-der-isebek.hamburg.de\/wp-content\/uploads\/sites\/116\/2022\/01\/20220126_094802_resized_1-100x100.jpg 100w\" sizes=\"auto, 100vw\" \/><\/a>\n\t\t\t<\/div><\/figure><figure class='gallery-item'>\n\t\t\t<div class='gallery-icon portrait'>\n\t\t\t\t<a href='https:\/\/schule-an-der-isebek.hamburg.de\/wp-content\/uploads\/sites\/116\/2022\/01\/20220126_094722_resized_1.jpg' title=\"\" data-rl_title=\"\" class=\"rl-gallery-link\" data-rl_caption=\"\" data-rel=\"lightbox-gallery-1\"><img loading=\"lazy\" decoding=\"async\" width=\"150\" height=\"150\" src=\"https:\/\/schule-an-der-isebek.hamburg.de\/wp-content\/uploads\/sites\/116\/2022\/01\/20220126_094722_resized_1-150x150.jpg\" class=\"attachment-thumbnail size-thumbnail\" alt=\"\" srcset=\"https:\/\/schule-an-der-isebek.hamburg.de\/wp-content\/uploads\/sites\/116\/2022\/01\/20220126_094722_resized_1-150x150.jpg 150w, https:\/\/schule-an-der-isebek.hamburg.de\/wp-content\/uploads\/sites\/116\/2022\/01\/20220126_094722_resized_1-100x100.jpg 100w\" sizes=\"auto, 100vw\" \/><\/a>\n\t\t\t<\/div><\/figure><figure class='gallery-item'>\n\t\t\t<div class='gallery-icon landscape'>\n\t\t\t\t<a href='https:\/\/schule-an-der-isebek.hamburg.de\/wp-content\/uploads\/sites\/116\/2022\/01\/20220126_094710_resized_1.jpg' title=\"\" data-rl_title=\"\" class=\"rl-gallery-link\" data-rl_caption=\"\" data-rel=\"lightbox-gallery-1\"><img loading=\"lazy\" decoding=\"async\" width=\"150\" height=\"150\" src=\"https:\/\/schule-an-der-isebek.hamburg.de\/wp-content\/uploads\/sites\/116\/2022\/01\/20220126_094710_resized_1-150x150.jpg\" class=\"attachment-thumbnail size-thumbnail\" alt=\"\" aria-describedby=\"gallery-1-3136\" srcset=\"https:\/\/schule-an-der-isebek.hamburg.de\/wp-content\/uploads\/sites\/116\/2022\/01\/20220126_094710_resized_1-150x150.jpg 150w, https:\/\/schule-an-der-isebek.hamburg.de\/wp-content\/uploads\/sites\/116\/2022\/01\/20220126_094710_resized_1-100x100.jpg 100w\" sizes=\"auto, 100vw\" \/><\/a>\n\t\t\t<\/div>\n\t\t\t\t<figcaption class='wp-caption-text gallery-caption' id='gallery-1-3136'>\n\t\t\t\tMensa\n\t\t\t\t<\/figcaption><\/figure><figure class='gallery-item'>\n\t\t\t<div class='gallery-icon landscape'>\n\t\t\t\t<a href='https:\/\/schule-an-der-isebek.hamburg.de\/wp-content\/uploads\/sites\/116\/2021\/10\/20211025_090438.jpg' title=\"\" data-rl_title=\"\" class=\"rl-gallery-link\" data-rl_caption=\"\" data-rel=\"lightbox-gallery-1\"><img loading=\"lazy\" decoding=\"async\" width=\"150\" height=\"150\" src=\"https:\/\/schule-an-der-isebek.hamburg.de\/wp-content\/uploads\/sites\/116\/2021\/10\/20211025_090438-150x150.jpg\" class=\"attachment-thumbnail size-thumbnail\" alt=\"\" srcset=\"https:\/\/schule-an-der-isebek.hamburg.de\/wp-content\/uploads\/sites\/116\/2021\/10\/20211025_090438-150x150.jpg 150w, https:\/\/schule-an-der-isebek.hamburg.de\/wp-content\/uploads\/sites\/116\/2021\/10\/20211025_090438-100x100.jpg 100w\" sizes=\"auto, 100vw\" \/><\/a>\n\t\t\t<\/div><\/figure><figure class='gallery-item'>\n\t\t\t<div class='gallery-icon landscape'>\n\t\t\t\t<a href='https:\/\/schule-an-der-isebek.hamburg.de\/wp-content\/uploads\/sites\/116\/2021\/10\/20211025_090523-e1643185997134.jpg' title=\"\" data-rl_title=\"\" class=\"rl-gallery-link\" data-rl_caption=\"\" data-rel=\"lightbox-gallery-1\"><img loading=\"lazy\" decoding=\"async\" width=\"150\" height=\"150\" src=\"https:\/\/schule-an-der-isebek.hamburg.de\/wp-content\/uploads\/sites\/116\/2021\/10\/20211025_090523-e1643185997134-150x150.jpg\" class=\"attachment-thumbnail size-thumbnail\" alt=\"\" aria-describedby=\"gallery-1-2966\" srcset=\"https:\/\/schule-an-der-isebek.hamburg.de\/wp-content\/uploads\/sites\/116\/2021\/10\/20211025_090523-e1643185997134-150x150.jpg 150w, https:\/\/schule-an-der-isebek.hamburg.de\/wp-content\/uploads\/sites\/116\/2021\/10\/20211025_090523-e1643185997134-100x100.jpg 100w\" sizes=\"auto, 100vw\" \/><\/a>\n\t\t\t<\/div>\n\t\t\t\t<figcaption class='wp-caption-text gallery-caption' id='gallery-1-2966'>\n\t\t\t\tBundesstra\u00dfe 94, Verwaltung\n\t\t\t\t<\/figcaption><\/figure><figure class='gallery-item'>\n\t\t\t<div class='gallery-icon portrait'>\n\t\t\t\t<a href='https:\/\/schule-an-der-isebek.hamburg.de\/wp-content\/uploads\/sites\/116\/2022\/01\/Fenster.jpg' title=\"\" data-rl_title=\"\" class=\"rl-gallery-link\" data-rl_caption=\"\" data-rel=\"lightbox-gallery-1\"><img loading=\"lazy\" decoding=\"async\" width=\"150\" height=\"150\" src=\"https:\/\/schule-an-der-isebek.hamburg.de\/wp-content\/uploads\/sites\/116\/2022\/01\/Fenster-150x150.jpg\" class=\"attachment-thumbnail size-thumbnail\" alt=\"\" srcset=\"https:\/\/schule-an-der-isebek.hamburg.de\/wp-content\/uploads\/sites\/116\/2022\/01\/Fenster-150x150.jpg 150w, https:\/\/schule-an-der-isebek.hamburg.de\/wp-content\/uploads\/sites\/116\/2022\/01\/Fenster-100x100.jpg 100w\" sizes=\"auto, 100vw\" \/><\/a>\n\t\t\t<\/div><\/figure><figure class='gallery-item'>\n\t\t\t<div class='gallery-icon portrait'>\n\t\t\t\t<a href='https:\/\/schule-an-der-isebek.hamburg.de\/wp-content\/uploads\/sites\/116\/2021\/10\/20211025_090417.jpg' title=\"\" data-rl_title=\"\" class=\"rl-gallery-link\" data-rl_caption=\"\" data-rel=\"lightbox-gallery-1\"><img loading=\"lazy\" decoding=\"async\" width=\"150\" height=\"150\" src=\"https:\/\/schule-an-der-isebek.hamburg.de\/wp-content\/uploads\/sites\/116\/2021\/10\/20211025_090417-150x150.jpg\" class=\"attachment-thumbnail size-thumbnail\" alt=\"\" aria-describedby=\"gallery-1-2961\" srcset=\"https:\/\/schule-an-der-isebek.hamburg.de\/wp-content\/uploads\/sites\/116\/2021\/10\/20211025_090417-150x150.jpg 150w, https:\/\/schule-an-der-isebek.hamburg.de\/wp-content\/uploads\/sites\/116\/2021\/10\/20211025_090417-100x100.jpg 100w\" sizes=\"auto, 100vw\" \/><\/a>\n\t\t\t<\/div>\n\t\t\t\t<figcaption class='wp-caption-text gallery-caption' id='gallery-1-2961'>\n\t\t\t\tEingang Verwaltung\n\t\t\t\t<\/figcaption><\/figure><figure class='gallery-item'>\n\t\t\t<div class='gallery-icon portrait'>\n\t\t\t\t<a href='https:\/\/schule-an-der-isebek.hamburg.de\/wp-content\/uploads\/sites\/116\/2021\/10\/20211025_090554.jpg' title=\"\" data-rl_title=\"\" class=\"rl-gallery-link\" data-rl_caption=\"\" data-rel=\"lightbox-gallery-1\"><img loading=\"lazy\" decoding=\"async\" width=\"150\" height=\"150\" src=\"https:\/\/schule-an-der-isebek.hamburg.de\/wp-content\/uploads\/sites\/116\/2021\/10\/20211025_090554-150x150.jpg\" class=\"attachment-thumbnail size-thumbnail\" alt=\"\" srcset=\"https:\/\/schule-an-der-isebek.hamburg.de\/wp-content\/uploads\/sites\/116\/2021\/10\/20211025_090554-150x150.jpg 150w, https:\/\/schule-an-der-isebek.hamburg.de\/wp-content\/uploads\/sites\/116\/2021\/10\/20211025_090554-100x100.jpg 100w\" sizes=\"auto, 100vw\" \/><\/a>\n\t\t\t<\/div><\/figure>\n\t\t<\/div>\n\n<p>Fotoquellen: Sabine Koch-Nehmzow, Christiane Hoffmann, Harro Wolter\/Foto Grafik Design<\/p>\n","protected":false},"excerpt":{"rendered":"<p>Herzlich Willkommen an der Schule An der Isebek, mitten im Herzen von Eimsb\u00fcttel! Derzeit werden bei uns rund 370 Sch\u00fclerinnen und Sch\u00fcler von 25 Lehrkr\u00e4ften in 18 Klassen von\u00a0 zwei Vorschulklassen bis Jahrgangsstufe 4 unterrichtet. Die gro\u00dfe Mehrheit unserer Sch\u00fclerinnen und Sch\u00fcler verbringt im Rahmen der ganzt\u00e4gigen Bildung und Betreuung (GBS) auch den Nachmittag in &hellip; <\/p>\n<p class=\"link-more\"><a href=\"https:\/\/schule-an-der-isebek.hamburg.de\/?page_id=2\" class=\"more-link\"><span class=\"screen-reader-text\">\u201eSchule An der Isebek &#8211; Herzlich Willkommen!\u201c <\/span>weiterlesen<\/a><\/p>\n","protected":false},"author":180,"featured_media":1535,"parent":0,"menu_order":0,"comment_status":"closed","ping_status":"closed","template":"","meta":{"_acf_changed":false,"footnotes":""},"class_list":["post-2","page","type-page","status-publish","has-post-thumbnail","hentry"],"acf":[],"_links":{"self":[{"href":"https:\/\/schule-an-der-isebek.hamburg.de\/index.php?rest_route=\/wp\/v2\/pages\/2","targetHints":{"allow":["GET"]}}],"collection":[{"href":"https:\/\/schule-an-der-isebek.hamburg.de\/index.php?rest_route=\/wp\/v2\/pages"}],"about":[{"href":"https:\/\/schule-an-der-isebek.hamburg.de\/index.php?rest_route=\/wp\/v2\/types\/page"}],"author":[{"embeddable":true,"href":"https:\/\/schule-an-der-isebek.hamburg.de\/index.php?rest_route=\/wp\/v2\/users\/180"}],"replies":[{"embeddable":true,"href":"https:\/\/schule-an-der-isebek.hamburg.de\/index.php?rest_route=%2Fwp%2Fv2%2Fcomments&post=2"}],"version-history":[{"count":18,"href":"https:\/\/schule-an-der-isebek.hamburg.de\/index.php?rest_route=\/wp\/v2\/pages\/2\/revisions"}],"predecessor-version":[{"id":3143,"href":"https:\/\/schule-an-der-isebek.hamburg.de\/index.php?rest_route=\/wp\/v2\/pages\/2\/revisions\/3143"}],"wp:featuredmedia":[{"embeddable":true,"href":"https:\/\/schule-an-der-isebek.hamburg.de\/index.php?rest_route=\/wp\/v2\/media\/1535"}],"wp:attachment":[{"href":"https:\/\/schule-an-der-isebek.hamburg.de\/index.php?rest_route=%2Fwp%2Fv2%2Fmedia&parent=2"}],"curies":[{"name":"wp","href":"https:\/\/api.w.org\/{rel}","templated":true}]}}