{"id":212,"date":"2015-01-29T14:19:48","date_gmt":"2015-01-29T12:19:48","guid":{"rendered":"http:\/\/schule-an-der-isebek.schulhomepages.hamburg.de\/?page_id=212"},"modified":"2015-01-29T14:19:48","modified_gmt":"2015-01-29T12:19:48","slug":"bewegungsraum-dachboden","status":"publish","type":"page","link":"https:\/\/schule-an-der-isebek.hamburg.de\/?page_id=212","title":{"rendered":"Bewegungsraum Dachboden"},"content":{"rendered":"<p>Unser Dachboden ist zum <strong>Bewegungsraum<\/strong> ausgebaut worden. Im Uhrenturm befindet sich eine Kletterwand zum Sportklettern. Jede Klasse hat au\u00dferdem eine zus\u00e4tzliche Bewegungsstunde auf dem Boden erhalten.<\/p>\n<div class=\"maintext\">\n<p align=\"justify\"><img loading=\"lazy\" decoding=\"async\" title=\"Bewegungsraum\" src=\"https:\/\/schule-an-der-isebek.hamburg.de\/images\/Bewr1kl.jpg\" alt=\"Im Bewegungsraum\" width=\"400\" height=\"291\" \/><\/p>\n<p align=\"justify\">\u00a0Unser Dachboden wurde zum Bewegungsraum, denn&#8230;<\/p>\n<p align=\"justify\"><img loading=\"lazy\" decoding=\"async\" title=\"Toben auf dem Dachboden\" src=\"https:\/\/schule-an-der-isebek.hamburg.de\/images\/Bewr2kl.jpg\" alt=\"Dachboden\" width=\"400\" height=\"289\" \/><\/p>\n<p align=\"justify\">\u00a0&#8230;toben macht Spa\u00df, ob mit den Matten, an der Free-Climbingwand<\/p>\n<p align=\"justify\">oder im Baumhaus. Und manchmal&#8230;<\/p>\n<p align=\"justify\"><img loading=\"lazy\" decoding=\"async\" title=\"Man muss auch mal abh\u00e4ngen k\u00f6nnen!\" src=\"https:\/\/schule-an-der-isebek.hamburg.de\/images\/Rumhaengen.jpg\" alt=\"Man muss auch mal abh\u00e4ngen k\u00f6nnen!\" width=\"400\" height=\"300\" \/><\/p>\n<p align=\"justify\">&#8230;muss man auch einfach mal abh\u00e4ngen k\u00f6nnen!<\/p>\n<\/div>\n","protected":false},"excerpt":{"rendered":"<p>Unser Dachboden ist zum Bewegungsraum ausgebaut worden. Im Uhrenturm befindet sich eine Kletterwand zum Sportklettern. Jede Klasse hat au\u00dferdem eine zus\u00e4tzliche Bewegungsstunde auf dem Boden erhalten. \u00a0Unser Dachboden wurde zum Bewegungsraum, denn&#8230; \u00a0&#8230;toben macht Spa\u00df, ob mit den Matten, an der Free-Climbingwand oder im Baumhaus. Und manchmal&#8230; &#8230;muss man auch einfach mal abh\u00e4ngen k\u00f6nnen!<\/p>\n","protected":false},"author":180,"featured_media":0,"parent":0,"menu_order":0,"comment_status":"closed","ping_status":"closed","template":"","meta":{"_acf_changed":false,"footnotes":""},"class_list":["post-212","page","type-page","status-publish","hentry"],"acf":[],"_links":{"self":[{"href":"https:\/\/schule-an-der-isebek.hamburg.de\/index.php?rest_route=\/wp\/v2\/pages\/212","targetHints":{"allow":["GET"]}}],"collection":[{"href":"https:\/\/schule-an-der-isebek.hamburg.de\/index.php?rest_route=\/wp\/v2\/pages"}],"about":[{"href":"https:\/\/schule-an-der-isebek.hamburg.de\/index.php?rest_route=\/wp\/v2\/types\/page"}],"author":[{"embeddable":true,"href":"https:\/\/schule-an-der-isebek.hamburg.de\/index.php?rest_route=\/wp\/v2\/users\/180"}],"replies":[{"embeddable":true,"href":"https:\/\/schule-an-der-isebek.hamburg.de\/index.php?rest_route=%2Fwp%2Fv2%2Fcomments&post=212"}],"version-history":[{"count":0,"href":"https:\/\/schule-an-der-isebek.hamburg.de\/index.php?rest_route=\/wp\/v2\/pages\/212\/revisions"}],"wp:attachment":[{"href":"https:\/\/schule-an-der-isebek.hamburg.de\/index.php?rest_route=%2Fwp%2Fv2%2Fmedia&parent=212"}],"curies":[{"name":"wp","href":"https:\/\/api.w.org\/{rel}","templated":true}]}}