{"id":341,"date":"2015-05-08T13:26:27","date_gmt":"2015-05-08T11:26:27","guid":{"rendered":"http:\/\/schule-an-der-isebek.hamburg.de\/?page_id=341"},"modified":"2025-11-25T09:59:43","modified_gmt":"2025-11-25T08:59:43","slug":"der-schulverein","status":"publish","type":"page","link":"https:\/\/schule-an-der-isebek.hamburg.de\/?page_id=341","title":{"rendered":"Schulverein"},"content":{"rendered":"<p class=\"elementtoproof\" style=\"margin-left: 30.0pt\">Liebe (Mit-)Eltern,<\/p>\n<p class=\"elementtoproof\" style=\"margin-left: 30.0pt\">Mit Eurem Beitritt zum Schulverein er\u00f6ffnet Ihr Eurem Kind und der gesamten Schulgemeinschaft neue M\u00f6glichkeiten f\u00fcr eine vielf\u00e4ltigere, spannendere und f\u00f6rdernde Lernumgebung. Eure finanzielle Unterst\u00fctzung und Euer Engagement machen es m\u00f6glich, zus\u00e4tzliche Projekte zu realisieren, die den Unterricht bereichern, das Schulleben versch\u00f6nern und die Gemeinschaft st\u00e4rken.<\/p>\n<p class=\"elementtoproof\" style=\"margin-left: 30.0pt\">Der Schulverein setzt sich daf\u00fcr ein, dass alle Kinder an schulischen Aktivit\u00e4ten teilnehmen k\u00f6nnen \u2013 unabh\u00e4ngig von ihren individuellen Voraussetzungen. Gemeinsam schaffen wir eine Schule, in der sich alle Kinder gef\u00f6rdert, willkommen und sicher f\u00fchlen. Bildung ist der Schl\u00fcssel zu einer erfolgreichen Zukunft \u2013 und gemeinsam tragen wir dazu bei, die Zukunft unserer Kinder aktiv zu gestalten.<\/p>\n<p class=\"elementtoproof\" style=\"margin-left: 30.0pt\">Werdet Teil des Vereins, bringt Eure Ideen ein und unterst\u00fctzt mit uns gemeinsam die Schule und damit die Zukunft unserer Kinder!<\/p>\n<p class=\"elementtoproof\" style=\"margin-left: 30.0pt\">Beste Gr\u00fc\u00dfe,<br \/>\nDaniel Raschke,<\/p>\n<p class=\"elementtoproof\" style=\"margin-left: 30.0pt\">1. Vorsitzender&nbsp;<\/p>\n<p>&nbsp;<\/p>\n<p><a href=\"https:\/\/schule-an-der-isebek.hamburg.de\/wp-content\/uploads\/sites\/116\/2025\/06\/neu-1.png\" data-rel=\"lightbox\" data-rl_title=\"\" data-rl_caption=\"\" title=\"\"><img loading=\"lazy\" decoding=\"async\" class=\"alignnone wp-image-4972 size-large\" src=\"https:\/\/schule-an-der-isebek.hamburg.de\/wp-content\/uploads\/sites\/116\/2025\/06\/neu-1-724x1024.png\" alt=\"\" width=\"525\" height=\"743\" srcset=\"https:\/\/schule-an-der-isebek.hamburg.de\/wp-content\/uploads\/sites\/116\/2025\/06\/neu-1-724x1024.png 724w, https:\/\/schule-an-der-isebek.hamburg.de\/wp-content\/uploads\/sites\/116\/2025\/06\/neu-1-212x300.png 212w, https:\/\/schule-an-der-isebek.hamburg.de\/wp-content\/uploads\/sites\/116\/2025\/06\/neu-1-768x1086.png 768w, https:\/\/schule-an-der-isebek.hamburg.de\/wp-content\/uploads\/sites\/116\/2025\/06\/neu-1-1086x1536.png 1086w, https:\/\/schule-an-der-isebek.hamburg.de\/wp-content\/uploads\/sites\/116\/2025\/06\/neu-1-1448x2048.png 1448w\" sizes=\"auto, (max-width: 525px) 100vw, 525px\" \/><\/a>&nbsp;<\/p>\n<p><a href=\"https:\/\/schule-an-der-isebek.hamburg.de\/wp-content\/uploads\/sites\/116\/2025\/11\/Beitrittserklaerung-2seitig.pdf\">Beitrittserkl\u00e4rung 2seitig<\/a> als Download<\/p>\n<p>Spendenbescheinigungen werden gern erstellt.<\/p>\n<p>IBAN:&nbsp; DE30 200505501322121326, BIC: HASPDEHHXXX<\/p>\n<p>Kontakt: <a href=\"mailto:schule-an-der-isebek@bsb.hamburg.de\" target=\"_blank\" rel=\"noopener\">schule-an-der-isebek@bsb.hamburg.de<\/a><\/p>\n<p>Vorstand:<\/p>\n<p>1. Vorsitzender Daniel Raschke&nbsp; 2. Vorsitzender Dennis Frey<\/p>\n<p>Kassenwartin: Sabine Koch-Nehmzow<\/p>\n<p>&#8230;&#8230;&#8230;&#8230;&#8230;&#8230;&#8230;&#8230;&#8230;&#8230;&#8230;&#8230;&#8230;&#8230;&#8230;&#8230;&#8230;&#8230;&#8230;&#8230;&#8230;&#8230;&#8230;&#8230;&#8230;&#8230;&#8230;&#8230;&#8230;&#8230;&#8230;&#8230;&#8230;&#8230;&#8230;&#8230;&#8230;&#8230;&#8230;&#8230;.<\/p>\n<p><b><span style=\"font-size: medium\">Datenschutzerkl\u00e4rung zur Erfassung, Speicherung, Verarbeitung und \u00dcbermittlung von Mitgliederdaten <\/span><\/b><\/p>\n<p>1. Angaben zum Verantwortlichen<\/p>\n<p>Verantwortliche Stelle (Art. 4 Nr. 7 DSGVO): Schulverein der Schule an der Isebek e.V. , Bismarckstrasse 83-85,&nbsp; 20253 Hamburg<\/p>\n<p>Gesetzliche Vertreter: Daniel Raschke, Dennis Frey<\/p>\n<p>Datenschutzbeauftragter: Ein Datenschutzbeauftragter ist nicht bestellt, da die zugeh\u00f6rigen Tatbest\u00e4nde nach Artikel 37 DSGVO nicht vorliegen.<\/p>\n<p>1. Rechtsgrundlagen<\/p>\n<p>Wir verarbeiten personenbezogene Daten unserer Mitglieder nur unter Einhaltung der einschl\u00e4gigen Datenschutzbestimmungen. Das bedeutet, die Daten unserer Mitglieder werden nur bei Vorliegen einer gesetzlichen Erlaubnis verarbeitet.<\/p>\n<p>Wir treffen organisatorische, vertragliche und technische Sicherheitsma\u00dfnahmen entsprechend dem Stand der Technik, um sicherzustellen, dass die Vorschriften der Datenschutzgesetze eingehalten werden, und um damit die durch uns Daten gegen zuf\u00e4llige oder vors\u00e4tzliche Manipulationen, Verlust, Zerst\u00f6rung oder gegen den Zugriff unberechtigter Personen zu sch\u00fctzen.<\/p>\n<p><span style=\"font-family: Times New Roman,Times New Roman PSMT;font-size: medium\">Eine Weitergabe von Daten an Dritte erfolgt nur im Rahmen der gesetzlichen Vorgaben. Wir geben die Daten unserer Mitglieder an Dritte nur dann weiter, wenn dies z.B. auf Grundlage des Art. 6 Abs. 1 lit. b) DSGVO f\u00fcr Vertragszwecke erforderlich ist oder auf Grundlage berechtigter Interessen gem. Art. 6 Abs. 1 lit. f. DSGVO am wirtschaftlichem und effektivem Betrieb des Vereins. <\/span><span lang=\"JA\" style=\"font-family: Arial,Arial;font-size: small\">SCHULVEREIN DER SCHULE AN DER ISEBEK\u2502BISMARCKSTRASSE 83-85\u250220253 HAMBURG <\/span><\/p>\n<p>Sofern wir externe Dienstleister einsetzen, um diese Leistungen bereitzustellen, ergreifen wir geeignete rechtliche Vorkehrungen sowie technische und organisatorische Ma\u00dfnahmen, um f\u00fcr den Schutz der personenbezogenen Daten gem\u00e4\u00df den einschl\u00e4gigen gesetzlichen Vorschriften zu sorgen.<\/p>\n<p>3. Erfassung und Verarbeitung<\/p>\n<p>Mit dem Beitritt eines Mitgliedes nimmt der Verein folgendes auf Pflichtangaben: a) Name, Vorname b) Name des Kindes \/ der Kinder an der Schule an der Isebek c) Klasse des Kindes \/ der Kinder an der Schule an der Isebek<\/p>\n<p>freiwillige Angaben: d) Adresse e) E-Mail-Adresse f) Telefonnummer<\/p>\n<p>Diese Informationen k\u00f6nnen im IT-System des Vereins gespeichert werden. Die personenbezogenen Daten werden dann durch technische und organisatorische Ma\u00dfnahmen vor der Kenntnisnahme Dritter gesch\u00fctzt.<\/p>\n<p>Sonstige Informationen, und Informationen \u00fcber Nichtmitglieder, werden vom Verein nur dann verarbeitet, wenn sie der F\u00f6rderung des Vereinszweckes dienen und keine Anhaltspunkte bestehen, dass die betroffene Person ein schutzw\u00fcrdiges Interesse hat, das der Verarbeitung entgegensteht.<\/p>\n<p>4. Vertraulichkeit und Offenlegung<\/p>\n<p>Mitgliederverzeichnisse werden nur an Vorstandsmitglieder und sonstige Mitglieder ausgeh\u00e4ndigt, die im Verein eine besondere Funktion aus\u00fcben, welche die Kenntnis der Mitgliederdaten erfordert. Macht ein Mitglied geltend, dass er die Mitgliederliste zur Wahrnehmung seiner satzungsm\u00e4\u00dfigen Rechte ben\u00f6tigt, h\u00e4ndigt der Vorstand die Liste nur gegen die schriftliche Versicherung aus, die Adressen nicht zu anderen Zwecken zu verwenden.<\/p>\n<p>5. Rechte der Mitglieder<\/p>\n<p>5.1. Einwilligung Im Rahmen der Aufnahmeerkl\u00e4rung best\u00e4tigt das Mitglied, diese Datenschutzerkl\u00e4rung zur Kenntnis genommen zu haben.<\/p>\n<p>5.2. Auskunft Mitglieder haben das Recht, auf Antrag unentgeltlich Auskunft zu erhalten \u00fcber die personenbezogenen Daten, die von uns \u00fcber sie gespeichert wurden.<\/p>\n<p><span style=\"font-family: Times New Roman,Times New Roman PSMT;font-size: medium\">5.3. Berichtigung Des weiteren haben die Mitglieder das Recht auf Berichtigung unrichtiger Daten, Einschr\u00e4nkung <\/span><span lang=\"JA\" style=\"font-family: Arial,Arial;font-size: small\">SCHULVEREIN DER SCHULE AN DER ISEBEK\u2502BISMARCKSTRASSE 83-85\u250220253 HAMBURG <\/span><\/p>\n<p>der Verarbeitung und L\u00f6schung ihrer personenbezogenen Daten und im Fall der Annahme einer unrechtm\u00e4\u00dfigen Datenverarbeitung, eine Beschwerde bei der zust\u00e4ndigen Aufsichtsbeh\u00f6rde einzureichen.<\/p>\n<p>5.4. Widerruf Mitglieder k\u00f6nnen gegebene Einwilligungen, grunds\u00e4tzlich mit Auswirkung f\u00fcr die Zukunft, widerrufen.<\/p>\n<p>5.5. L\u00f6schung Die bei uns gespeicherten Daten werden gel\u00f6scht, sobald sie f\u00fcr ihre Zweckbestimmung nicht mehr erforderlich sind und der L\u00f6schung keine gesetzlichen Aufbewahrungspflichten entgegenstehen. Sofern die Daten der Mitglieder nicht gel\u00f6scht werden, weil sie f\u00fcr andere und gesetzlich zul\u00e4ssige Zwecke erforderlich sind, wird deren Verarbeitung eingeschr\u00e4nkt. D.h. die Daten werden gesperrt und nicht f\u00fcr andere Zwecke verarbeitet. Das gilt z.B. f\u00fcr Daten der Mitglieder, die aus handels- oder steuerrechtlichen Gr\u00fcnden aufbewahrt werden m\u00fcssen.<\/p>\n<p>5.6. Aufbewahrung Beim Austritt werden alle personenbezogenen Daten wie Name, Adresse, Name des Kindes, Emailadresse, Telefonnummer des Mitglieds aus der Mitgliederliste gel\u00f6scht. Sollte der Gesetzgeber eine l\u00e4ngere Speicherung fordern (etwa Aufbewahrung auf Grund steuergesetzlicher Bestimmungen), erfolgt die L\u00f6schung unmittelbar nach Ablauf dieser gesetzlichen Pflicht.<\/p>\n<p>5.7. Datenportabilit\u00e4t Mitglieder k\u00f6nnen Ihre Rechte auf Datenportabilit\u00e4t geltend machen und die vom Verein \u00fcber sie gespeicherten Daten in einem maschinenlesbaren Format abrufen.<\/p>\n<p>5.8. Widerspruchsrecht Mitglieder k\u00f6nnen der k\u00fcnftigen Verarbeitung ihrer personenbezogenen Daten entsprechend den gesetzlichen Vorgaben jederzeit widersprechen. Der Widerspruch kann insbesondere gegen die Verarbeitung f\u00fcr Zwecke der Direktwerbung erfolgen.<\/p>\n<p>6. \u00c4nderungen der Datenschutzerkl\u00e4rung<\/p>\n<p>Wir behalten uns vor, die Datenschutzerkl\u00e4rung zu \u00e4ndern, um sie an ge\u00e4nderte Rechtslagen, oder bei \u00c4nderungen des Dienstes sowie der Datenverarbeitung anzupassen. Dies gilt jedoch nur im Hinblick auf Erkl\u00e4rungen zur Datenverarbeitung. Sofern Einwilligungen der Mitglieder erforderlich sind oder Bestandteile der Datenschutzerkl\u00e4rung Regelungen des Vertragsverh\u00e4ltnisses mit den Mitgliedern enthalten, erfolgen die \u00c4nderungen nur mit Zustimmung der Mitglieder.<\/p>\n<p>Die Mitglieder werden gebeten sich regelm\u00e4\u00dfig \u00fcber den Inhalt der Datenschutzerkl\u00e4rung zu informieren.<\/p>\n<p>Hamburg, 24.05.2018<\/p>\n<p>&nbsp;<\/p>\n","protected":false},"excerpt":{"rendered":"<p>Liebe (Mit-)Eltern, Mit Eurem Beitritt zum Schulverein er\u00f6ffnet Ihr Eurem Kind und der gesamten Schulgemeinschaft neue M\u00f6glichkeiten f\u00fcr eine vielf\u00e4ltigere, spannendere und f\u00f6rdernde Lernumgebung. Eure finanzielle Unterst\u00fctzung und Euer Engagement machen es m\u00f6glich, zus\u00e4tzliche Projekte zu realisieren, die den Unterricht bereichern, das Schulleben versch\u00f6nern und die Gemeinschaft st\u00e4rken. Der Schulverein setzt sich daf\u00fcr ein, dass &hellip; <\/p>\n<p class=\"link-more\"><a href=\"https:\/\/schule-an-der-isebek.hamburg.de\/?page_id=341\" class=\"more-link\"><span class=\"screen-reader-text\">\u201eSchulverein\u201c <\/span>weiterlesen<\/a><\/p>\n","protected":false},"author":180,"featured_media":0,"parent":0,"menu_order":0,"comment_status":"closed","ping_status":"closed","template":"","meta":{"_acf_changed":false,"footnotes":""},"class_list":["post-341","page","type-page","status-publish","hentry"],"acf":[],"_links":{"self":[{"href":"https:\/\/schule-an-der-isebek.hamburg.de\/index.php?rest_route=\/wp\/v2\/pages\/341","targetHints":{"allow":["GET"]}}],"collection":[{"href":"https:\/\/schule-an-der-isebek.hamburg.de\/index.php?rest_route=\/wp\/v2\/pages"}],"about":[{"href":"https:\/\/schule-an-der-isebek.hamburg.de\/index.php?rest_route=\/wp\/v2\/types\/page"}],"author":[{"embeddable":true,"href":"https:\/\/schule-an-der-isebek.hamburg.de\/index.php?rest_route=\/wp\/v2\/users\/180"}],"replies":[{"embeddable":true,"href":"https:\/\/schule-an-der-isebek.hamburg.de\/index.php?rest_route=%2Fwp%2Fv2%2Fcomments&post=341"}],"version-history":[{"count":23,"href":"https:\/\/schule-an-der-isebek.hamburg.de\/index.php?rest_route=\/wp\/v2\/pages\/341\/revisions"}],"predecessor-version":[{"id":5162,"href":"https:\/\/schule-an-der-isebek.hamburg.de\/index.php?rest_route=\/wp\/v2\/pages\/341\/revisions\/5162"}],"wp:attachment":[{"href":"https:\/\/schule-an-der-isebek.hamburg.de\/index.php?rest_route=%2Fwp%2Fv2%2Fmedia&parent=341"}],"curies":[{"name":"wp","href":"https:\/\/api.w.org\/{rel}","templated":true}]}}