{"id":4491,"date":"2024-03-13T14:49:35","date_gmt":"2024-03-13T12:49:35","guid":{"rendered":"https:\/\/schule-an-der-isebek.hamburg.de\/?page_id=4491"},"modified":"2024-07-01T09:08:43","modified_gmt":"2024-07-01T07:08:43","slug":"schulfach-glueck","status":"publish","type":"page","link":"https:\/\/schule-an-der-isebek.hamburg.de\/?page_id=4491","title":{"rendered":"Schulfach Gl\u00fcck"},"content":{"rendered":"<p><strong>R\u00fcckblick \u201eSchulfach Gl\u00fcck\u201c, Pilotklasse 3c <\/strong><\/p>\n<p><strong>Im Schuljahr 2023\/24 haben wir als Pilotklasse \u201eSchulfach Gl\u00fcck\u201c gestartet. Diese zwei Stunden sind vormittags fest im Stundenplan verankert.<\/strong><\/p>\n<p><strong>Wir blicken auf ein spannendes Jahr zur\u00fcck, denn wir konnten uns auf vielen Ebenen weiterentwickeln und sind uns selbst und anderen noch einmal anders und intensiv begegnet. Manchmal sind wir sogar \u00fcber uns hinausgewachsen.<\/strong><\/p>\n<p><strong>In Schulfach Gl\u00fcck haben wir viele Tools gelernt, die wir f\u00fcr ein zufriedenes und gl\u00fcckliches Leben brauchen. Wir wissen, wie wir mit angenehmen und unangenehmen Gef\u00fchlen und Erlebnissen umgehen k\u00f6nnen.<\/strong><\/p>\n<p><strong>Wir haben gelernt, wie wir mit unseren Ressourcen umgehen, wie wir aus unserer Komfortzone kommen, wie wir achtsam im Umgang mit uns und anderen sind.<\/strong><\/p>\n<p><strong>Dabei achten wir auf unsere eigenen Grenzen.<\/strong><\/p>\n<p><strong>Achtsamkeit, Bodyscan und Entspannungs\u00fcbungen entschleunigen und machen sogar Spa\u00df.<\/strong><\/p>\n<p><strong>Wir haben viel gelacht, ausprobiert, philosophiert uns neu kennengelernt und reflektiert\u2026<\/strong><\/p>\n<p><strong>\u2026 und nat\u00fcrlich haben wir uns ganz viel mit den unterschiedlichen Gl\u00fccksmomenten besch\u00e4ftigt!<\/strong><\/p>\n<p><strong>In einer Wordcloud haben wir in drei Worten beschrieben, was wir mit dem \u201eSchulfach Gl\u00fcck\u201c verbinden:<\/strong><\/p>\n<p><strong><a href=\"https:\/\/schule-an-der-isebek.hamburg.de\/wp-content\/uploads\/sites\/116\/2024\/07\/wordcloud.jpg\" data-rel=\"lightbox\" data-rl_title=\"\" data-rl_caption=\"\" title=\"\"><img loading=\"lazy\" decoding=\"async\" class=\"alignnone wp-image-4629\" src=\"https:\/\/schule-an-der-isebek.hamburg.de\/wp-content\/uploads\/sites\/116\/2024\/07\/wordcloud-150x150.jpg\" alt=\"\" width=\"195\" height=\"195\" srcset=\"https:\/\/schule-an-der-isebek.hamburg.de\/wp-content\/uploads\/sites\/116\/2024\/07\/wordcloud-150x150.jpg 150w, https:\/\/schule-an-der-isebek.hamburg.de\/wp-content\/uploads\/sites\/116\/2024\/07\/wordcloud-300x300.jpg 300w, https:\/\/schule-an-der-isebek.hamburg.de\/wp-content\/uploads\/sites\/116\/2024\/07\/wordcloud-768x768.jpg 768w, https:\/\/schule-an-der-isebek.hamburg.de\/wp-content\/uploads\/sites\/116\/2024\/07\/wordcloud-100x100.jpg 100w, https:\/\/schule-an-der-isebek.hamburg.de\/wp-content\/uploads\/sites\/116\/2024\/07\/wordcloud.jpg 1024w\" sizes=\"auto, (max-width: 195px) 100vw, 195px\" \/><\/a><\/strong><\/p>\n<p><strong>Wir sind in diesem Jahr enger als Klassengemeinschaft zusammengewachsen.<\/strong><\/p>\n<p><strong>Daher freuen wir uns auf das n\u00e4chste Schuljahr mit mehr \u201eSchulfach Gl\u00fcck\u201c in unserer Klasse und an unserer Schule!<\/strong><\/p>\n<p><strong>Stephanie Helmich mit ihrer gl\u00fccklichen 3c.<\/strong><\/p>\n<p>&nbsp;<\/p>\n<p>&#8230;&#8230;&#8230;&#8230;&#8230;&#8230;&#8230;&#8230;&#8230;&#8230;&#8230;&#8230;&#8230;&#8230;.<\/p>\n<p><strong>&nbsp;<\/strong>&nbsp;&nbsp;<a href=\"https:\/\/schule-an-der-isebek.hamburg.de\/wp-content\/uploads\/sites\/116\/2024\/03\/Grafik.png\" data-rel=\"lightbox\" data-rl_title=\"\" data-rl_caption=\"\" title=\"\"><img loading=\"lazy\" decoding=\"async\" class=\"size-thumbnail wp-image-4499 alignleft\" src=\"https:\/\/schule-an-der-isebek.hamburg.de\/wp-content\/uploads\/sites\/116\/2024\/03\/Grafik-150x150.png\" alt=\"\" width=\"150\" height=\"150\" srcset=\"https:\/\/schule-an-der-isebek.hamburg.de\/wp-content\/uploads\/sites\/116\/2024\/03\/Grafik-150x150.png 150w, https:\/\/schule-an-der-isebek.hamburg.de\/wp-content\/uploads\/sites\/116\/2024\/03\/Grafik-100x100.png 100w, https:\/\/schule-an-der-isebek.hamburg.de\/wp-content\/uploads\/sites\/116\/2024\/03\/Grafik.png 200w\" sizes=\"auto, (max-width: 150px) 100vw, 150px\" \/><\/a><\/p>\n<p><strong>&nbsp;&nbsp;&nbsp;&nbsp; <\/strong><strong>\u201e<\/strong><strong>Schulfach Gl<\/strong><strong>\u00fc<\/strong><strong>ck<\/strong><strong>\u201c<\/strong><strong> als BNE-Ziel<\/strong><\/p>\n<p><strong>&nbsp;<\/strong><\/p>\n<p>&nbsp;<\/p>\n<p><strong>\u201e<\/strong><strong>Ziel einer guten und gesunden Schule ist es, die Gesundheitsressourcen und -potenziale aller Akteure in der Schule zu erhalten und zu st<\/strong><strong>\u00e4<\/strong><strong>rken.<\/strong><strong>\u201c <\/strong><strong>(aus den KMK)<\/strong><\/p>\n<p><strong>Die Klasse 3c ist seit dem Schuljahr 2023 die Pilotklasse \u201eSchulfach Gl\u00fcck\u201c. Hier geht es um:<\/strong><\/p>\n<p><strong>G<\/strong><strong> &#8211; elingendes<\/strong><\/p>\n<p><strong>L<\/strong><strong> &#8211; eben<\/strong><\/p>\n<p><strong>\u00dc &#8211; <\/strong><strong>ben<\/strong><\/p>\n<p><strong>C &#8211; <\/strong><strong>harakter<\/strong><\/p>\n<p><strong>K \u2013 <\/strong><strong>r\u00e4ftigen<\/strong><\/p>\n<p><strong>Wir setzen uns mit unseren Gef\u00fchlen auseinander, lernen unsere St\u00e4rken und Schw\u00e4chen kennen, \u00fcben uns in Resilienz, verlassen Komfortzonen, kr\u00e4ftigen unseren Charakter und wissen um unsere Potenziale. Wir lernen, wie wir Gl\u00fccksmomente schaffen und mit negativen Erfahrungen und negativen Gef\u00fchlen umgehen. All das sind Voraussetzungen f\u00fcr ein zufriedenes Leben.<\/strong><\/p>\n<p>&nbsp; <a href=\"https:\/\/schule-an-der-isebek.hamburg.de\/wp-content\/uploads\/sites\/116\/2024\/03\/Schulfach-Glueck-als-BNE-Ziel-1.png\" data-rel=\"lightbox\" data-rl_title=\"\" data-rl_caption=\"\" title=\"\"><img loading=\"lazy\" decoding=\"async\" class=\"alignnone wp-image-4493 size-medium\" src=\"https:\/\/schule-an-der-isebek.hamburg.de\/wp-content\/uploads\/sites\/116\/2024\/03\/Schulfach-Glueck-als-BNE-Ziel-1-300x300.png\" alt=\"\" width=\"300\" height=\"300\" srcset=\"https:\/\/schule-an-der-isebek.hamburg.de\/wp-content\/uploads\/sites\/116\/2024\/03\/Schulfach-Glueck-als-BNE-Ziel-1-300x300.png 300w, https:\/\/schule-an-der-isebek.hamburg.de\/wp-content\/uploads\/sites\/116\/2024\/03\/Schulfach-Glueck-als-BNE-Ziel-1-1024x1024.png 1024w, https:\/\/schule-an-der-isebek.hamburg.de\/wp-content\/uploads\/sites\/116\/2024\/03\/Schulfach-Glueck-als-BNE-Ziel-1-150x150.png 150w, https:\/\/schule-an-der-isebek.hamburg.de\/wp-content\/uploads\/sites\/116\/2024\/03\/Schulfach-Glueck-als-BNE-Ziel-1-768x768.png 768w, https:\/\/schule-an-der-isebek.hamburg.de\/wp-content\/uploads\/sites\/116\/2024\/03\/Schulfach-Glueck-als-BNE-Ziel-1-100x100.png 100w, https:\/\/schule-an-der-isebek.hamburg.de\/wp-content\/uploads\/sites\/116\/2024\/03\/Schulfach-Glueck-als-BNE-Ziel-1.png 1080w\" sizes=\"auto, (max-width: 300px) 100vw, 300px\" \/><\/a> <a href=\"https:\/\/schule-an-der-isebek.hamburg.de\/wp-content\/uploads\/sites\/116\/2024\/03\/Schulfach-Glueck-als-BNE-Ziel-2.png\" data-rel=\"lightbox\" data-rl_title=\"\" data-rl_caption=\"\" title=\"\"><img loading=\"lazy\" decoding=\"async\" class=\"alignnone wp-image-4494 size-medium\" src=\"https:\/\/schule-an-der-isebek.hamburg.de\/wp-content\/uploads\/sites\/116\/2024\/03\/Schulfach-Glueck-als-BNE-Ziel-2-300x300.png\" alt=\"\" width=\"300\" height=\"300\" srcset=\"https:\/\/schule-an-der-isebek.hamburg.de\/wp-content\/uploads\/sites\/116\/2024\/03\/Schulfach-Glueck-als-BNE-Ziel-2-300x300.png 300w, https:\/\/schule-an-der-isebek.hamburg.de\/wp-content\/uploads\/sites\/116\/2024\/03\/Schulfach-Glueck-als-BNE-Ziel-2-1024x1024.png 1024w, https:\/\/schule-an-der-isebek.hamburg.de\/wp-content\/uploads\/sites\/116\/2024\/03\/Schulfach-Glueck-als-BNE-Ziel-2-150x150.png 150w, https:\/\/schule-an-der-isebek.hamburg.de\/wp-content\/uploads\/sites\/116\/2024\/03\/Schulfach-Glueck-als-BNE-Ziel-2-768x768.png 768w, https:\/\/schule-an-der-isebek.hamburg.de\/wp-content\/uploads\/sites\/116\/2024\/03\/Schulfach-Glueck-als-BNE-Ziel-2-100x100.png 100w, https:\/\/schule-an-der-isebek.hamburg.de\/wp-content\/uploads\/sites\/116\/2024\/03\/Schulfach-Glueck-als-BNE-Ziel-2.png 1080w\" sizes=\"auto, (max-width: 300px) 100vw, 300px\" \/><\/a><\/p>\n<p>&nbsp;<a href=\"https:\/\/schule-an-der-isebek.hamburg.de\/wp-content\/uploads\/sites\/116\/2024\/03\/Schulfach-Glueck-als-BNE-Ziel-3.png\" data-rel=\"lightbox\" data-rl_title=\"\" data-rl_caption=\"\" title=\"\"><img loading=\"lazy\" decoding=\"async\" class=\"alignnone wp-image-4495 size-medium\" src=\"https:\/\/schule-an-der-isebek.hamburg.de\/wp-content\/uploads\/sites\/116\/2024\/03\/Schulfach-Glueck-als-BNE-Ziel-3-300x300.png\" alt=\"\" width=\"300\" height=\"300\" srcset=\"https:\/\/schule-an-der-isebek.hamburg.de\/wp-content\/uploads\/sites\/116\/2024\/03\/Schulfach-Glueck-als-BNE-Ziel-3-300x300.png 300w, https:\/\/schule-an-der-isebek.hamburg.de\/wp-content\/uploads\/sites\/116\/2024\/03\/Schulfach-Glueck-als-BNE-Ziel-3-1024x1024.png 1024w, https:\/\/schule-an-der-isebek.hamburg.de\/wp-content\/uploads\/sites\/116\/2024\/03\/Schulfach-Glueck-als-BNE-Ziel-3-150x150.png 150w, https:\/\/schule-an-der-isebek.hamburg.de\/wp-content\/uploads\/sites\/116\/2024\/03\/Schulfach-Glueck-als-BNE-Ziel-3-768x768.png 768w, https:\/\/schule-an-der-isebek.hamburg.de\/wp-content\/uploads\/sites\/116\/2024\/03\/Schulfach-Glueck-als-BNE-Ziel-3-100x100.png 100w, https:\/\/schule-an-der-isebek.hamburg.de\/wp-content\/uploads\/sites\/116\/2024\/03\/Schulfach-Glueck-als-BNE-Ziel-3.png 1080w\" sizes=\"auto, (max-width: 300px) 100vw, 300px\" \/><\/a><a href=\"https:\/\/schule-an-der-isebek.hamburg.de\/wp-content\/uploads\/sites\/116\/2024\/03\/Schulfach-Glueck-als-BNE-Ziel-4.png\" data-rel=\"lightbox\" data-rl_title=\"\" data-rl_caption=\"\" title=\"\"><img loading=\"lazy\" decoding=\"async\" class=\"alignnone wp-image-4496 size-medium\" src=\"https:\/\/schule-an-der-isebek.hamburg.de\/wp-content\/uploads\/sites\/116\/2024\/03\/Schulfach-Glueck-als-BNE-Ziel-4-300x300.png\" alt=\"\" width=\"300\" height=\"300\" srcset=\"https:\/\/schule-an-der-isebek.hamburg.de\/wp-content\/uploads\/sites\/116\/2024\/03\/Schulfach-Glueck-als-BNE-Ziel-4-300x300.png 300w, https:\/\/schule-an-der-isebek.hamburg.de\/wp-content\/uploads\/sites\/116\/2024\/03\/Schulfach-Glueck-als-BNE-Ziel-4-1024x1024.png 1024w, https:\/\/schule-an-der-isebek.hamburg.de\/wp-content\/uploads\/sites\/116\/2024\/03\/Schulfach-Glueck-als-BNE-Ziel-4-150x150.png 150w, https:\/\/schule-an-der-isebek.hamburg.de\/wp-content\/uploads\/sites\/116\/2024\/03\/Schulfach-Glueck-als-BNE-Ziel-4-768x768.png 768w, https:\/\/schule-an-der-isebek.hamburg.de\/wp-content\/uploads\/sites\/116\/2024\/03\/Schulfach-Glueck-als-BNE-Ziel-4-100x100.png 100w, https:\/\/schule-an-der-isebek.hamburg.de\/wp-content\/uploads\/sites\/116\/2024\/03\/Schulfach-Glueck-als-BNE-Ziel-4.png 1080w\" sizes=\"auto, (max-width: 300px) 100vw, 300px\" \/><\/a><\/p>\n<p>&nbsp;<\/p>\n<h2><strong>Unterrichtsinhalte<\/strong><\/h2>\n<p><strong>&nbsp;Zum Umgang mit Gef\u00fchlen<\/strong><\/p>\n<p><a href=\"https:\/\/schule-an-der-isebek.hamburg.de\/wp-content\/uploads\/sites\/116\/2024\/03\/1.jpg\" data-rel=\"lightbox\" data-rl_title=\"\" data-rl_caption=\"\" title=\"\"><img loading=\"lazy\" decoding=\"async\" class=\"alignnone wp-image-4500 size-medium\" src=\"https:\/\/schule-an-der-isebek.hamburg.de\/wp-content\/uploads\/sites\/116\/2024\/03\/1-300x225.jpg\" alt=\"\" width=\"300\" height=\"225\" srcset=\"https:\/\/schule-an-der-isebek.hamburg.de\/wp-content\/uploads\/sites\/116\/2024\/03\/1-300x225.jpg 300w, https:\/\/schule-an-der-isebek.hamburg.de\/wp-content\/uploads\/sites\/116\/2024\/03\/1.jpg 618w\" sizes=\"auto, (max-width: 300px) 100vw, 300px\" \/><\/a><a href=\"https:\/\/schule-an-der-isebek.hamburg.de\/wp-content\/uploads\/sites\/116\/2024\/03\/2.jpg\" data-rel=\"lightbox\" data-rl_title=\"\" data-rl_caption=\"\" title=\"\"><img loading=\"lazy\" decoding=\"async\" class=\"alignnone wp-image-4501 size-medium\" src=\"https:\/\/schule-an-der-isebek.hamburg.de\/wp-content\/uploads\/sites\/116\/2024\/03\/2-300x234.jpg\" alt=\"\" width=\"300\" height=\"234\" srcset=\"https:\/\/schule-an-der-isebek.hamburg.de\/wp-content\/uploads\/sites\/116\/2024\/03\/2-300x234.jpg 300w, https:\/\/schule-an-der-isebek.hamburg.de\/wp-content\/uploads\/sites\/116\/2024\/03\/2.jpg 626w\" sizes=\"auto, (max-width: 300px) 100vw, 300px\" \/><\/a><\/p>\n<p><strong>St\u00e4rken und Schw\u00e4chen<\/strong><\/p>\n<p><a href=\"https:\/\/schule-an-der-isebek.hamburg.de\/wp-content\/uploads\/sites\/116\/2024\/03\/3.jpg\" data-rel=\"lightbox\" data-rl_title=\"\" data-rl_caption=\"\" title=\"\"><img loading=\"lazy\" decoding=\"async\" class=\"alignnone wp-image-4502 size-medium\" src=\"https:\/\/schule-an-der-isebek.hamburg.de\/wp-content\/uploads\/sites\/116\/2024\/03\/3-300x300.jpg\" alt=\"\" width=\"300\" height=\"300\" srcset=\"https:\/\/schule-an-der-isebek.hamburg.de\/wp-content\/uploads\/sites\/116\/2024\/03\/3-300x300.jpg 300w, https:\/\/schule-an-der-isebek.hamburg.de\/wp-content\/uploads\/sites\/116\/2024\/03\/3-150x150.jpg 150w, https:\/\/schule-an-der-isebek.hamburg.de\/wp-content\/uploads\/sites\/116\/2024\/03\/3-100x100.jpg 100w, https:\/\/schule-an-der-isebek.hamburg.de\/wp-content\/uploads\/sites\/116\/2024\/03\/3.jpg 640w\" sizes=\"auto, (max-width: 300px) 100vw, 300px\" \/><\/a><\/p>\n<p>&nbsp;<strong>Bodyscan und Meditation<\/strong><\/p>\n<p><a href=\"https:\/\/schule-an-der-isebek.hamburg.de\/wp-content\/uploads\/sites\/116\/2024\/03\/4.jpg\" data-rel=\"lightbox\" data-rl_title=\"\" data-rl_caption=\"\" title=\"\"><img loading=\"lazy\" decoding=\"async\" class=\"alignnone wp-image-4503 size-medium\" src=\"https:\/\/schule-an-der-isebek.hamburg.de\/wp-content\/uploads\/sites\/116\/2024\/03\/4-225x300.jpg\" alt=\"\" width=\"225\" height=\"300\" srcset=\"https:\/\/schule-an-der-isebek.hamburg.de\/wp-content\/uploads\/sites\/116\/2024\/03\/4-225x300.jpg 225w, https:\/\/schule-an-der-isebek.hamburg.de\/wp-content\/uploads\/sites\/116\/2024\/03\/4.jpg 480w\" sizes=\"auto, (max-width: 225px) 100vw, 225px\" \/><\/a><\/p>\n<p><strong>Gl\u00fccksmomente sammeln<\/strong><\/p>\n<p><a href=\"https:\/\/schule-an-der-isebek.hamburg.de\/wp-content\/uploads\/sites\/116\/2024\/03\/5.jpg\" data-rel=\"lightbox\" data-rl_title=\"\" data-rl_caption=\"\" title=\"\"><img loading=\"lazy\" decoding=\"async\" class=\"alignnone wp-image-4504 size-medium\" src=\"https:\/\/schule-an-der-isebek.hamburg.de\/wp-content\/uploads\/sites\/116\/2024\/03\/5-300x300.jpg\" alt=\"\" width=\"300\" height=\"300\" srcset=\"https:\/\/schule-an-der-isebek.hamburg.de\/wp-content\/uploads\/sites\/116\/2024\/03\/5-300x300.jpg 300w, https:\/\/schule-an-der-isebek.hamburg.de\/wp-content\/uploads\/sites\/116\/2024\/03\/5-150x150.jpg 150w, https:\/\/schule-an-der-isebek.hamburg.de\/wp-content\/uploads\/sites\/116\/2024\/03\/5-100x100.jpg 100w, https:\/\/schule-an-der-isebek.hamburg.de\/wp-content\/uploads\/sites\/116\/2024\/03\/5.jpg 573w\" sizes=\"auto, (max-width: 300px) 100vw, 300px\" \/><\/a><\/p>\n<p>Als Download&nbsp; &nbsp;<a href=\"https:\/\/schule-an-der-isebek.hamburg.de\/wp-content\/uploads\/sites\/116\/2024\/03\/Schulfach-Glueck-website.pdf\">Schulfach Gl\u00fcck Website<\/a><\/p>\n<p>&nbsp;<\/p>\n<p>&nbsp;<\/p>\n<p>&nbsp;<\/p>\n<p>&nbsp;<\/p>\n<p>&nbsp;<\/p>\n<p>&nbsp;<\/p>\n<p>&nbsp;<\/p>\n<p>&nbsp;<\/p>\n","protected":false},"excerpt":{"rendered":"<p>R\u00fcckblick \u201eSchulfach Gl\u00fcck\u201c, Pilotklasse 3c Im Schuljahr 2023\/24 haben wir als Pilotklasse \u201eSchulfach Gl\u00fcck\u201c gestartet. Diese zwei Stunden sind vormittags fest im Stundenplan verankert. Wir blicken auf ein spannendes Jahr zur\u00fcck, denn wir konnten uns auf vielen Ebenen weiterentwickeln und sind uns selbst und anderen noch einmal anders und intensiv begegnet. Manchmal sind wir sogar &hellip; <\/p>\n<p class=\"link-more\"><a href=\"https:\/\/schule-an-der-isebek.hamburg.de\/?page_id=4491\" class=\"more-link\"><span class=\"screen-reader-text\">\u201eSchulfach Gl\u00fcck\u201c <\/span>weiterlesen<\/a><\/p>\n","protected":false},"author":1244,"featured_media":4629,"parent":0,"menu_order":0,"comment_status":"closed","ping_status":"closed","template":"","meta":{"_acf_changed":false,"footnotes":""},"class_list":["post-4491","page","type-page","status-publish","has-post-thumbnail","hentry"],"acf":[],"_links":{"self":[{"href":"https:\/\/schule-an-der-isebek.hamburg.de\/index.php?rest_route=\/wp\/v2\/pages\/4491","targetHints":{"allow":["GET"]}}],"collection":[{"href":"https:\/\/schule-an-der-isebek.hamburg.de\/index.php?rest_route=\/wp\/v2\/pages"}],"about":[{"href":"https:\/\/schule-an-der-isebek.hamburg.de\/index.php?rest_route=\/wp\/v2\/types\/page"}],"author":[{"embeddable":true,"href":"https:\/\/schule-an-der-isebek.hamburg.de\/index.php?rest_route=\/wp\/v2\/users\/1244"}],"replies":[{"embeddable":true,"href":"https:\/\/schule-an-der-isebek.hamburg.de\/index.php?rest_route=%2Fwp%2Fv2%2Fcomments&post=4491"}],"version-history":[{"count":9,"href":"https:\/\/schule-an-der-isebek.hamburg.de\/index.php?rest_route=\/wp\/v2\/pages\/4491\/revisions"}],"predecessor-version":[{"id":4632,"href":"https:\/\/schule-an-der-isebek.hamburg.de\/index.php?rest_route=\/wp\/v2\/pages\/4491\/revisions\/4632"}],"wp:featuredmedia":[{"embeddable":true,"href":"https:\/\/schule-an-der-isebek.hamburg.de\/index.php?rest_route=\/wp\/v2\/media\/4629"}],"wp:attachment":[{"href":"https:\/\/schule-an-der-isebek.hamburg.de\/index.php?rest_route=%2Fwp%2Fv2%2Fmedia&parent=4491"}],"curies":[{"name":"wp","href":"https:\/\/api.w.org\/{rel}","templated":true}]}}