{"id":76,"date":"2014-12-18T13:32:27","date_gmt":"2014-12-18T11:32:27","guid":{"rendered":"http:\/\/schule-an-der-isebek.schulhomepages.hamburg.de\/?page_id=76"},"modified":"2026-04-15T11:24:33","modified_gmt":"2026-04-15T09:24:33","slug":"antragstellung-ganztagsbetreuung","status":"publish","type":"page","link":"https:\/\/schule-an-der-isebek.hamburg.de\/?page_id=76","title":{"rendered":"Antragsstellung Ganztagsbetreuung"},"content":{"rendered":"<p><strong>Die Online-Anmeldung f\u00fcr das neue Schuljahr 2026\/2027 ist \u00fcber das Hamburg Service Portal m\u00f6glich. <\/strong><\/p>\n<p><a href=\"https:\/\/serviceportal.hamburg.de\/HamburgGateway\/Service\/Entry\/GANZTAG\">F\u00fcr den Ganztag an Hamburger Schulen anmelden &#8211; Online-Dienst Einstiegsseite &#8211; HamburgService<\/a><\/p>\n<p><strong>Nach der Buchung \u00fcber das Onlineportal erhalten Sie eine Buchungsbest\u00e4tigung und schlie\u00dfen im Anschluss einen Betreuungsvertrag&nbsp; mit der ETV-Kiju ab.<\/strong><\/p>\n<p><strong>Weitere Informationen finden Sie hier:<\/strong><\/p>\n<p><strong><a href=\"https:\/\/schule-an-der-isebek.hamburg.de\/wp-content\/uploads\/sites\/116\/2026\/04\/05-Merkblatt-Infektionsschutzgesetz.pdf\">05 Merkblatt Infektionsschutzgesetz<\/a> <\/strong><\/p>\n<p><strong><a href=\"https:\/\/schule-an-der-isebek.hamburg.de\/wp-content\/uploads\/sites\/116\/2026\/04\/06-Datenschutzbestimmungen.pdf\">06 Datenschutzbestimmungen<\/a> <\/strong><\/p>\n<p><strong><a href=\"https:\/\/schule-an-der-isebek.hamburg.de\/wp-content\/uploads\/sites\/116\/2026\/04\/07-Merkblatt-Medikamentengabe.pdf\">07 Merkblatt Medikamentengabe<\/a> <\/strong><\/p>\n<p><strong><a href=\"https:\/\/schule-an-der-isebek.hamburg.de\/wp-content\/uploads\/sites\/116\/2026\/04\/26-27-Betreuungsvertrag.pdf\">26-27 Betreuungsvertrag KiJu<\/a> <\/strong><\/p>\n<p><strong><a href=\"https:\/\/schule-an-der-isebek.hamburg.de\/wp-content\/uploads\/sites\/116\/2026\/04\/26-27-Folgevertrag.pdf\">26-27 Folgevertrag KiJu<\/a><\/strong><\/p>\n<p>&nbsp;<\/p>\n<p>&nbsp;<\/p>\n<p>&nbsp;<\/p>\n","protected":false},"excerpt":{"rendered":"<p>Die Online-Anmeldung f\u00fcr das neue Schuljahr 2026\/2027 ist \u00fcber das Hamburg Service Portal m\u00f6glich. F\u00fcr den Ganztag an Hamburger Schulen anmelden &#8211; Online-Dienst Einstiegsseite &#8211; HamburgService Nach der Buchung \u00fcber das Onlineportal erhalten Sie eine Buchungsbest\u00e4tigung und schlie\u00dfen im Anschluss einen Betreuungsvertrag&nbsp; mit der ETV-Kiju ab. Weitere Informationen finden Sie hier: 05 Merkblatt Infektionsschutzgesetz 06 &hellip; <\/p>\n<p class=\"link-more\"><a href=\"https:\/\/schule-an-der-isebek.hamburg.de\/?page_id=76\" class=\"more-link\"><span class=\"screen-reader-text\">\u201eAntragsstellung Ganztagsbetreuung\u201c <\/span>weiterlesen<\/a><\/p>\n","protected":false},"author":180,"featured_media":0,"parent":0,"menu_order":0,"comment_status":"closed","ping_status":"closed","template":"","meta":{"_acf_changed":false,"footnotes":""},"class_list":["post-76","page","type-page","status-publish","hentry"],"acf":[],"_links":{"self":[{"href":"https:\/\/schule-an-der-isebek.hamburg.de\/index.php?rest_route=\/wp\/v2\/pages\/76","targetHints":{"allow":["GET"]}}],"collection":[{"href":"https:\/\/schule-an-der-isebek.hamburg.de\/index.php?rest_route=\/wp\/v2\/pages"}],"about":[{"href":"https:\/\/schule-an-der-isebek.hamburg.de\/index.php?rest_route=\/wp\/v2\/types\/page"}],"author":[{"embeddable":true,"href":"https:\/\/schule-an-der-isebek.hamburg.de\/index.php?rest_route=\/wp\/v2\/users\/180"}],"replies":[{"embeddable":true,"href":"https:\/\/schule-an-der-isebek.hamburg.de\/index.php?rest_route=%2Fwp%2Fv2%2Fcomments&post=76"}],"version-history":[{"count":17,"href":"https:\/\/schule-an-der-isebek.hamburg.de\/index.php?rest_route=\/wp\/v2\/pages\/76\/revisions"}],"predecessor-version":[{"id":5263,"href":"https:\/\/schule-an-der-isebek.hamburg.de\/index.php?rest_route=\/wp\/v2\/pages\/76\/revisions\/5263"}],"wp:attachment":[{"href":"https:\/\/schule-an-der-isebek.hamburg.de\/index.php?rest_route=%2Fwp%2Fv2%2Fmedia&parent=76"}],"curies":[{"name":"wp","href":"https:\/\/api.w.org\/{rel}","templated":true}]}}