{"id":92,"date":"2014-12-18T14:15:56","date_gmt":"2014-12-18T12:15:56","guid":{"rendered":"http:\/\/schule-an-der-isebek.schulhomepages.hamburg.de\/?page_id=92"},"modified":"2025-06-24T13:02:19","modified_gmt":"2025-06-24T11:02:19","slug":"kooperationspartner-gbskooperationspartner-gbs-tel-04043254809-isehortaol-com-willkommen-mit-dem-beginn-des-schuljahres-20052006-hat-der-hort-an-der-isebek-in-dem-schulgebae","status":"publish","type":"page","link":"https:\/\/schule-an-der-isebek.hamburg.de\/?page_id=92","title":{"rendered":"ETV KiJu &#8211; Der Tr\u00e4ger unseres Ganztages"},"content":{"rendered":"<p>Die ETV Kinder- und Jugendf\u00f6rderung (<a href=\"https:\/\/kiju-hamburg.de\/\">ETV KiJu<\/a>) ist ein Tochterunternehmen des Eimsb\u00fctteler Turnverbands e. V. und \u00fcbernimmt bereits seit dem Schuljahr 2012\/13 die ganzt\u00e4gige Betreuung und Bildung an verschiedenen Schulen.<\/p>\n<p>Weitere Informationen zu unserem Tr\u00e4ger finden Sie unter <u><a href=\"http:\/\/www.kiju-hamburg.de\">www.kiju-hamburg.de<\/a><\/u><\/p>\n<p>Telefonisch erreichen Sie das B\u00fcro Bismarckstra\u00dfe unter&nbsp; <a href=\"http:\/\/+494030037750\">+494030037750<\/a> , das B\u00fcro Bundesstra\u00dfe unter <a href=\"http:\/\/+494046856551\">+494046856551<\/a> oder per Mail an <a href=\"mailto:anderisebek@etv-hamburg.de\">anderisebek@etv-hamburg.de<\/a><\/p>\n<p>Leitung:&nbsp;Oliver Gallina, Karo Maiberger und Mareile von Tippelskirch<\/p>\n<p><a href=\"https:\/\/schule-an-der-isebek.hamburg.de\/wp-content\/uploads\/sites\/116\/2019\/08\/Screenshot_20190819-112640_Gallery1-e1566207189519.jpg\" data-rel=\"lightbox\" data-rl_title=\"\" data-rl_caption=\"\" title=\"\"><img loading=\"lazy\" decoding=\"async\" class=\"alignleft size-medium wp-image-1698\" src=\"https:\/\/schule-an-der-isebek.hamburg.de\/wp-content\/uploads\/sites\/116\/2019\/08\/Screenshot_20190819-112640_Gallery1-e1566207189519-292x300.jpg\" alt=\"\" width=\"292\" height=\"300\" srcset=\"https:\/\/schule-an-der-isebek.hamburg.de\/wp-content\/uploads\/sites\/116\/2019\/08\/Screenshot_20190819-112640_Gallery1-e1566207189519-292x300.jpg 292w, https:\/\/schule-an-der-isebek.hamburg.de\/wp-content\/uploads\/sites\/116\/2019\/08\/Screenshot_20190819-112640_Gallery1-e1566207189519-768x790.jpg 768w, https:\/\/schule-an-der-isebek.hamburg.de\/wp-content\/uploads\/sites\/116\/2019\/08\/Screenshot_20190819-112640_Gallery1-e1566207189519.jpg 921w\" sizes=\"auto, (max-width: 292px) 100vw, 292px\" \/><\/a><\/p>\n<div class=\"mceTemp\">&nbsp;<\/div>\n<div class=\"maintext\">\n<p>&nbsp;<\/p>\n<\/div>\n","protected":false},"excerpt":{"rendered":"<p>Die ETV Kinder- und Jugendf\u00f6rderung (ETV KiJu) ist ein Tochterunternehmen des Eimsb\u00fctteler Turnverbands e. V. und \u00fcbernimmt bereits seit dem Schuljahr 2012\/13 die ganzt\u00e4gige Betreuung und Bildung an verschiedenen Schulen. Weitere Informationen zu unserem Tr\u00e4ger finden Sie unter www.kiju-hamburg.de Telefonisch erreichen Sie das B\u00fcro Bismarckstra\u00dfe unter&nbsp; +494030037750 , das B\u00fcro Bundesstra\u00dfe unter +494046856551 oder per &hellip; <\/p>\n<p class=\"link-more\"><a href=\"https:\/\/schule-an-der-isebek.hamburg.de\/?page_id=92\" class=\"more-link\"><span class=\"screen-reader-text\">\u201eETV KiJu &#8211; Der Tr\u00e4ger unseres Ganztages\u201c <\/span>weiterlesen<\/a><\/p>\n","protected":false},"author":1326,"featured_media":0,"parent":0,"menu_order":0,"comment_status":"closed","ping_status":"closed","template":"","meta":{"_acf_changed":false,"footnotes":""},"class_list":["post-92","page","type-page","status-publish","hentry"],"acf":[],"_links":{"self":[{"href":"https:\/\/schule-an-der-isebek.hamburg.de\/index.php?rest_route=\/wp\/v2\/pages\/92","targetHints":{"allow":["GET"]}}],"collection":[{"href":"https:\/\/schule-an-der-isebek.hamburg.de\/index.php?rest_route=\/wp\/v2\/pages"}],"about":[{"href":"https:\/\/schule-an-der-isebek.hamburg.de\/index.php?rest_route=\/wp\/v2\/types\/page"}],"author":[{"embeddable":true,"href":"https:\/\/schule-an-der-isebek.hamburg.de\/index.php?rest_route=\/wp\/v2\/users\/1326"}],"replies":[{"embeddable":true,"href":"https:\/\/schule-an-der-isebek.hamburg.de\/index.php?rest_route=%2Fwp%2Fv2%2Fcomments&post=92"}],"version-history":[{"count":13,"href":"https:\/\/schule-an-der-isebek.hamburg.de\/index.php?rest_route=\/wp\/v2\/pages\/92\/revisions"}],"predecessor-version":[{"id":4967,"href":"https:\/\/schule-an-der-isebek.hamburg.de\/index.php?rest_route=\/wp\/v2\/pages\/92\/revisions\/4967"}],"wp:attachment":[{"href":"https:\/\/schule-an-der-isebek.hamburg.de\/index.php?rest_route=%2Fwp%2Fv2%2Fmedia&parent=92"}],"curies":[{"name":"wp","href":"https:\/\/api.w.org\/{rel}","templated":true}]}}